{"id":1168,"date":"2020-08-18T11:16:57","date_gmt":"2020-08-18T09:16:57","guid":{"rendered":"http:\/\/damienreynaud.fr\/?page_id=1168"},"modified":"2020-08-18T11:16:57","modified_gmt":"2020-08-18T09:16:57","slug":"lexperience-du-point-de-rencontre","status":"publish","type":"page","link":"https:\/\/damienreynaud.fr\/?page_id=1168","title":{"rendered":"l&rsquo;exp\u00e9rience du point de rencontre"},"content":{"rendered":"\n<p>Issu\nd&rsquo;une correspondance de 86 pages, r\u00e9alis\u00e9e entre janvier 2014 et septembre 2015\npar Gilbert Descossy et Damien Reynaud, ce document synth\u00e9tise les principes\nconceptuels de la cr\u00e9ation d&rsquo;une exp\u00e9rience du Point de rencontre pour\nfabriquer une Pi\u00e8ce manquante. C\u2019est \u00e0 la suite de cette correspondance que l\u2019Acte\n1 a donn\u00e9 lieu \u00e0 la sculpture sociale du Bureau mobile du Point de rencontre.<\/p>\n\n\n\n<p><strong>L&rsquo;hypoth\u00e8se&nbsp;:<\/strong><\/p>\n\n\n\n<ul><li>Le Point de rencontre fait l&rsquo;objet d&rsquo;une\nhypoth\u00e8se, comme quoi il est possible de faire se retrouver des acteurs autour\nd&rsquo;un point de focalisation, afin de fabriquer un objet esth\u00e9tique.<\/li><li>L&rsquo;hypoth\u00e8se du Point de rencontre repose sur des\nquestions, des sujets, des images, des probl\u00e8mes, des objectifs, des id\u00e9es, des\nmanques ou des besoins de chacun, dont la liste dresse le paysage de d\u00e9part\nd&rsquo;une situation commune.<\/li><li>Cette hypoth\u00e8se fait l&rsquo;objet d&rsquo;une exp\u00e9rience\nponctuelle d\u00e9finie par un groupe de personnes engag\u00e9es pendant un temps donn\u00e9,\nen un ou plusieurs lieux, dans un projet de cr\u00e9ation artistique partag\u00e9e.<\/li><\/ul>\n\n\n\n<p><strong>L&rsquo;exp\u00e9rience&nbsp;:<\/strong><\/p>\n\n\n\n<ul><li>L&rsquo;exp\u00e9rience est d\u00e9termin\u00e9e par les param\u00e8tres\nd&rsquo;une situation d&rsquo;\u00e9changes entre des acteurs autour de questions, d&rsquo;objectifs\nou de probl\u00e9matiques communes, pour produire un objet artistique.<\/li><li>L&rsquo;exp\u00e9rience peut se d\u00e9finir par rapport \u00e0 des\ncrit\u00e8res g\u00e9ographiques, sociaux, politiques, psychologiques, esth\u00e9tiques, fonctionnels,\nartistiques, \u00e9conomiques&#8230;<\/li><li>L&rsquo;exp\u00e9rience se d\u00e9roule en fonction des sujets\nhumains et des choses qui la composent dans une dur\u00e9e d\u00e9termin\u00e9e, en un ou\nplusieurs lieux sp\u00e9cifiques, avec des moyens \u00e9conomiques disponibles.<\/li><li>Selon les diff\u00e9rentes contraintes et les\nobjectifs retenus, l&rsquo;exp\u00e9rience doit aboutir \u00e0 une forme concr\u00e8te (physique,\nvisible, ressentie, utile ou non, texte, concept&#8230;) intitul\u00e9e \u00ab&nbsp;Acte n\u00b0X,\nPi\u00e8ce manquante n\u00b0X&nbsp;\u00bb.<\/li><\/ul>\n\n\n\n<p><strong>Les\nacteurs&nbsp;:<\/strong><\/p>\n\n\n\n<ul><li>Chaque exp\u00e9rience du Point de rencontre se\nd\u00e9roule avec des acteurs int\u00e9ress\u00e9s par l&rsquo;hypoth\u00e8se \u00e9nonc\u00e9e initialement lors\nde la situation.<\/li><li>Les personnes concern\u00e9es cherchent \u00e0 mettre en\n\u0153uvre les conditions de possibilit\u00e9 du Point de rencontre et de l\u2019Acte\ncollectif aboutissant \u00e0 la Pi\u00e8ce manquante.<\/li><li>Les personnes peuvent \u00eatre d&rsquo;horizons divers\n(public, art, commerce, politique, sciences, enseignement, industrie&#8230;), et\/ou\nrepr\u00e9senter des structures officielles (associations, institutions,\nentreprises, collectifs, coop\u00e9ratives, publiques, priv\u00e9es&#8230;).<\/li><li>Que ce soit en tant que public ou individualit\u00e9\nparticuli\u00e8re, les personnes se sentent concern\u00e9es pour venir participer \u00e0 une\ncr\u00e9ation concr\u00e8te sous un label commun.<\/li><li>En participant, chaque acteur est co-auteur de l\u2019\u0153uvre\nact\u00e9e.<\/li><\/ul>\n\n\n\n<p><strong>Le\nlieu&nbsp;:<\/strong><\/p>\n\n\n\n<ul><li>Chaque exp\u00e9rience d\u00e9finit un Point de rencontre\nen tant que lieu de chantier. Il n&rsquo;existe pas de lieu fixe et chaque situation\npeut s&rsquo;inscrire n&rsquo;importe o\u00f9 pour que l&rsquo;exp\u00e9rience s&rsquo;y d\u00e9roule.<\/li><li>Plusieurs lieux peuvent \u00eatre concern\u00e9s en m\u00eame\ntemps et comprendre des espaces d\u00e9mat\u00e9rialis\u00e9s ou \u00e0 distance.<\/li><li>L&rsquo;exp\u00e9rience d&rsquo;un Point de rencontre renvoie \u00e0\ntoute forme possible d&rsquo;occupation et de d\u00e9tournement des territoires. Chaque\nlieu d&rsquo;intervention pourra donner l&rsquo;occasion de monter un bureau provisoire (le\nBureau mobile) et une permanence du Point de rencontre, avec exposition des\noutils de travail et des archives (les carnets des Actes).<\/li><\/ul>\n\n\n\n<p><strong>L&rsquo;objet&nbsp;:<\/strong><\/p>\n\n\n\n<ul><li>L&rsquo;objet du Point de rencontre peut \u00eatre de\nplusieurs ordres de production en m\u00eame temps.<\/li><li>L&rsquo;objet peut rev\u00eatir deux concepts diff\u00e9rents,\nd&rsquo;une part il contient au moins une id\u00e9e et d&rsquo;autre part il aboutit \u00e0 la\nconstruction d&rsquo;une chose mat\u00e9rielle inconnue, c&rsquo;est \u00e0 dire une Pi\u00e8ce manquante,\nqui peut aussi \u00eatre une publication.<\/li><li>Ainsi, la chose fait l&rsquo;objet d&rsquo;une pr\u00e9figuration\nen amont par les personnes concert\u00e9es (id\u00e9e, th\u00e8me, r\u00e9f\u00e9rence, question,\nobjectif, parti-pris), dans un champ sp\u00e9cifique ou transversal.<\/li><li>L&rsquo;objet constitue l&rsquo;intrigue du sc\u00e9nario de la\nrencontre et c&rsquo;est autour de lui que s&rsquo;organisent les \u00e9l\u00e9ments qui porteront la\nnarration et la production de son r\u00e9sultat.<\/li><\/ul>\n\n\n\n<p><strong>La\ndur\u00e9e&nbsp;:<\/strong><\/p>\n\n\n\n<ul><li>Chaque situation s&rsquo;inscrit dans une temporalit\u00e9\ndisponible, possible ou n\u00e9cessaire \u00e0 l&rsquo;aboutissement de l&rsquo;ouvrage.<\/li><li>La dur\u00e9e du processus cr\u00e9atif est clairement\n\u00e9tablie \u00e0 partir des possibilit\u00e9s, des contraintes et des moyens \u00e9conomiques du\ngroupe.<\/li><\/ul>\n\n\n\n<p><strong>Les\nmoyens&nbsp;:<\/strong><\/p>\n\n\n\n<ul><li>Il n&rsquo;existe pas de moyens pr\u00e9-\u00e9tablis et la\ncompagnie du Point de rencontre cherche \u00e0 d\u00e9velopper id\u00e9alement sa propre\n\u00e9conomie autonome.<\/li><li>Avec la dur\u00e9e impartie, les moyens sont les\ncontraintes incontournables qui vont agir sur la conception et la cr\u00e9ation d&rsquo;un\ntruc.<\/li><li>La dimension des moyens de cr\u00e9ation sera partie\nprenante de la d\u00e9finition des id\u00e9es pour concevoir l&rsquo;objet.<\/li><li>Des moyens particuliers, entre autres\nfinanciers, peuvent \u00eatre apport\u00e9s par des structures associ\u00e9es, \u00e0 condition\nqu&rsquo;elles soient repr\u00e9sent\u00e9es par au moins un acteur participant r\u00e9ellement et\nphysiquement au projet du Point de rencontre.<\/li><\/ul>\n\n\n\n<p><strong>La\ntrace&nbsp;:<\/strong><\/p>\n\n\n\n<ul><li>L&rsquo;exp\u00e9rience du Point de rencontre se d\u00e9roule comme une pi\u00e8ce de th\u00e9\u00e2tre total ou r\u00e9el, en interactivit\u00e9 directe entre les acteurs, d\u00e9roulant ainsi son propre sc\u00e9nario au fur et \u00e0 mesure.<\/li><li>Chaque exp\u00e9rience fait l&rsquo;objet d&rsquo;un enregistrement et d&rsquo;un archivage des traces constitutives de ses modalit\u00e9s de d\u00e9roulement et de son sc\u00e9nario (texte, enregistrement, courrier, son, vid\u00e9o, photographie, dessin, plan, maquette\u2026).<\/li><li>L&rsquo;exp\u00e9rience du point de rencontre donne lieu \u00e0 une \u00e9dition documentant son sc\u00e9nario, son objet, ses dates, son lieu, ses acteurs, ses modalit\u00e9s et son r\u00e9sultat.<\/li><li>La compagnie du Point de rencontre se dote donc d&rsquo;un outil d&rsquo;\u00e9dition.<\/li><\/ul>\n\n\n\n<p><strong>Propri\u00e9t\u00e9&nbsp;:<\/strong><\/p>\n\n\n\n<ul><li>Chaque exp\u00e9rience est une \u0153uvre sign\u00e9e par ses\nacteurs.<\/li><li>Quelle que soit la forme de son objet,\nl&rsquo;exp\u00e9rience est propri\u00e9t\u00e9 de l&rsquo;ensemble des auteurs ayant partag\u00e9 les moyens\nde production et ses actes de cr\u00e9ation. Les b\u00e9n\u00e9fices \u00e9ventuels, imm\u00e9diats ou\ndiff\u00e9r\u00e9s sont partag\u00e9s entre eux.<\/li><\/ul>\n\n\n\n<p>Point de rencontre n\u00b01 France-Portugal, Acte 1 Pi\u00e8ce manquante n\u00b01, le Bureau mobile du Point de rencontre, novembre 2015.<\/p>\n\n\n\n<p>Voir ici : le <a href=\"http:\/\/damienreynaud.fr\/?page_id=1158\">Bureau mobile du point de rencontre<\/a>, le <a href=\"http:\/\/damienreynaud.fr\/?page_id=1162\">bouquet de tulipes de l&rsquo;inventaire des points de rencontre<\/a>, <a href=\"http:\/\/damienreynaud.fr\/?page_id=1165\">les tabourets pr\u00e9caires<\/a>.<\/p>\n\n\n\n<figure class=\"wp-block-image\"><img decoding=\"async\" src=\"\" alt=\"\"\/><\/figure>\n","protected":false},"excerpt":{"rendered":"<p>Issu d&rsquo;une correspondance de 86 pages, r\u00e9alis\u00e9e entre janvier 2014 et septembre 2015 par Gilbert Descossy et Damien Reynaud, ce document synth\u00e9tise les principes conceptuels de la cr\u00e9ation d&rsquo;une exp\u00e9rience du Point de rencontre pour fabriquer une Pi\u00e8ce manquante. C\u2019est \u00e0 la suite de cette correspondance que l\u2019Acte 1 a donn\u00e9 lieu \u00e0 la sculpture &hellip; <a href=\"https:\/\/damienreynaud.fr\/?page_id=1168\" class=\"more-link\">Continuer la lecture de <span class=\"screen-reader-text\">l&rsquo;exp\u00e9rience du point de rencontre<\/span><\/a><\/p>\n","protected":false},"author":1,"featured_media":0,"parent":14,"menu_order":0,"comment_status":"closed","ping_status":"closed","template":"","meta":{"footnotes":""},"_links":{"self":[{"href":"https:\/\/damienreynaud.fr\/index.php?rest_route=\/wp\/v2\/pages\/1168"}],"collection":[{"href":"https:\/\/damienreynaud.fr\/index.php?rest_route=\/wp\/v2\/pages"}],"about":[{"href":"https:\/\/damienreynaud.fr\/index.php?rest_route=\/wp\/v2\/types\/page"}],"author":[{"embeddable":true,"href":"https:\/\/damienreynaud.fr\/index.php?rest_route=\/wp\/v2\/users\/1"}],"replies":[{"embeddable":true,"href":"https:\/\/damienreynaud.fr\/index.php?rest_route=%2Fwp%2Fv2%2Fcomments&post=1168"}],"version-history":[{"count":1,"href":"https:\/\/damienreynaud.fr\/index.php?rest_route=\/wp\/v2\/pages\/1168\/revisions"}],"predecessor-version":[{"id":1169,"href":"https:\/\/damienreynaud.fr\/index.php?rest_route=\/wp\/v2\/pages\/1168\/revisions\/1169"}],"up":[{"embeddable":true,"href":"https:\/\/damienreynaud.fr\/index.php?rest_route=\/wp\/v2\/pages\/14"}],"wp:attachment":[{"href":"https:\/\/damienreynaud.fr\/index.php?rest_route=%2Fwp%2Fv2%2Fmedia&parent=1168"}],"curies":[{"name":"wp","href":"https:\/\/api.w.org\/{rel}","templated":true}]}}