{"id":1581,"date":"2023-11-22T11:52:41","date_gmt":"2023-11-22T10:52:41","guid":{"rendered":"http:\/\/damienreynaud.fr\/?page_id=1581"},"modified":"2024-07-17T10:17:16","modified_gmt":"2024-07-17T08:17:16","slug":"editionslesmeteores","status":"publish","type":"page","link":"https:\/\/damienreynaud.fr\/?page_id=1581","title":{"rendered":"\u00e9ditionslesm\u00e9t\u00e9ores"},"content":{"rendered":"\n<figure class=\"wp-block-image size-large is-resized\"><img loading=\"lazy\" decoding=\"async\" width=\"759\" height=\"1024\" src=\"http:\/\/damienreynaud.fr\/wp-content\/uploads\/2023\/11\/editions-les-meteores-2-759x1024.png\" alt=\"\" class=\"wp-image-1582\" style=\"width:44px;height:59px\" srcset=\"https:\/\/damienreynaud.fr\/wp-content\/uploads\/2023\/11\/editions-les-meteores-2-759x1024.png 759w, https:\/\/damienreynaud.fr\/wp-content\/uploads\/2023\/11\/editions-les-meteores-2-222x300.png 222w, https:\/\/damienreynaud.fr\/wp-content\/uploads\/2023\/11\/editions-les-meteores-2-111x150.png 111w, https:\/\/damienreynaud.fr\/wp-content\/uploads\/2023\/11\/editions-les-meteores-2-768x1036.png 768w, https:\/\/damienreynaud.fr\/wp-content\/uploads\/2023\/11\/editions-les-meteores-2-1139x1536.png 1139w, https:\/\/damienreynaud.fr\/wp-content\/uploads\/2023\/11\/editions-les-meteores-2-1519x2048.png 1519w\" sizes=\"(max-width: 759px) 100vw, 759px\" \/><\/figure>\n\n\n\n<p>L&rsquo;association \u00e9ditionslesm\u00e9t\u00e9ores propose des publications d&rsquo;art, en tirage limit\u00e9 et num\u00e9rot\u00e9, autour de deux collections :<\/p>\n\n\n\n<ul>\n<li>une collection d&rsquo;univers d&rsquo;artistes \u00e0 d\u00e9couvrir et explorer,<\/li>\n\n\n\n<li>une collection pour tout petits mais aussi pour les plus grands ; des artistes parlent aux enfants.<\/li>\n<\/ul>\n\n\n\n<p>Chaque livre est imprim\u00e9 en offset quadrichromie au format 14,5&#215;19 cm, couverture dos carr\u00e9 coll\u00e9 sur couch\u00e9 350g pellicul\u00e9 mat, pages int\u00e9rieures sur papier couch\u00e9 semi mat 150g, en tirage limit\u00e9 \u00e0 200 exemplaires num\u00e9rot\u00e9s.<\/p>\n\n\n\n<p>L&rsquo;association \u00e9ditionslesm\u00e9t\u00e9ores fonctionne en mode ind\u00e9pendant et coop\u00e9ratif, les recettes des publications permettant de financer les projets suivants.<\/p>\n\n\n\n<p>Chaque livre s&rsquo;accompagne d&rsquo;une Digigraphie Epson Ultra Chrome, sur papier Hahnem\u00fchle Rag 308g, en tirage limit\u00e9 \u00e0 30 exemplaires num\u00e9rot\u00e9s et sign\u00e9s, d&rsquo;une image de l&rsquo;artiste extraite de son livre.<\/p>\n\n\n\n<p>Des \u00e9ditions d&rsquo;art num\u00e9rot\u00e9es \u00e0 petits prix, \u00e0 collectionner pour petits et grands !<\/p>\n\n\n\n<p><strong>Catalogue :<\/strong><\/p>\n\n\n\n<p><strong>Pour se procurer les publications, vous pouvez nous contacter par courriel <a href=\"http:\/\/damienreynaud.fr\/?page_id=8\" data-type=\"URL\" data-id=\"http:\/\/damienreynaud.fr\/?page_id=8\" target=\"_blank\" rel=\"noreferrer noopener\">ICI<\/a> <\/strong><\/p>\n\n\n\n<p><em><strong>Saisi<\/strong><\/em>, Gilles Lehericey &amp; <em><strong>Exc\u00e8s de saisies et d&rsquo;\u00e9clats peints<\/strong><\/em>, Damien Reynaud : 200 exemplaires num\u00e9rot\u00e9s, format 14,5&#215;19 cm, 66 pages regroupant un texte sur l&rsquo;artiste Gilles Lehericey, des po\u00e8mes de l&rsquo;artiste et 27 reproductions en couleur de ses \u0153uvres (peintures, dessins et baguettes), publi\u00e9 \u00e0 l&rsquo;occasion de l&rsquo;exposition <em>Saisi<\/em> \u00e0 la galerie La Bou\u00e9e, Cherbourg, ISBN 978-2-9579078-0-9, \u00a9Gilles Lehericey, 12\u20ac. <\/p>\n\n\n\n<div class=\"wp-block-group is-nowrap is-layout-flex wp-container-core-group-layout-2 wp-block-group-is-layout-flex\">\n<figure class=\"wp-block-image size-large is-resized\"><img loading=\"lazy\" decoding=\"async\" width=\"768\" height=\"1024\" src=\"http:\/\/damienreynaud.fr\/wp-content\/uploads\/2023\/11\/1-768x1024.jpg\" alt=\"\" class=\"wp-image-1602\" style=\"width:361px;height:481px\" srcset=\"https:\/\/damienreynaud.fr\/wp-content\/uploads\/2023\/11\/1-768x1024.jpg 768w, https:\/\/damienreynaud.fr\/wp-content\/uploads\/2023\/11\/1-225x300.jpg 225w, https:\/\/damienreynaud.fr\/wp-content\/uploads\/2023\/11\/1-113x150.jpg 113w, https:\/\/damienreynaud.fr\/wp-content\/uploads\/2023\/11\/1-1152x1536.jpg 1152w, https:\/\/damienreynaud.fr\/wp-content\/uploads\/2023\/11\/1-1536x2048.jpg 1536w, https:\/\/damienreynaud.fr\/wp-content\/uploads\/2023\/11\/1-scaled.jpg 1920w\" sizes=\"(max-width: 768px) 100vw, 768px\" \/><\/figure>\n\n\n\n<div class=\"wp-block-group is-vertical is-layout-flex wp-container-core-group-layout-1 wp-block-group-is-layout-flex\">\n<figure class=\"wp-block-image size-large is-resized\"><img loading=\"lazy\" decoding=\"async\" width=\"1024\" height=\"768\" src=\"http:\/\/damienreynaud.fr\/wp-content\/uploads\/2023\/11\/2-1024x768.jpg\" alt=\"\" class=\"wp-image-1601\" style=\"width:313px;height:234px\" srcset=\"https:\/\/damienreynaud.fr\/wp-content\/uploads\/2023\/11\/2-1024x768.jpg 1024w, https:\/\/damienreynaud.fr\/wp-content\/uploads\/2023\/11\/2-300x225.jpg 300w, https:\/\/damienreynaud.fr\/wp-content\/uploads\/2023\/11\/2-150x113.jpg 150w, https:\/\/damienreynaud.fr\/wp-content\/uploads\/2023\/11\/2-768x576.jpg 768w, https:\/\/damienreynaud.fr\/wp-content\/uploads\/2023\/11\/2-1536x1152.jpg 1536w, https:\/\/damienreynaud.fr\/wp-content\/uploads\/2023\/11\/2-2048x1536.jpg 2048w\" sizes=\"(max-width: 1024px) 100vw, 1024px\" \/><\/figure>\n\n\n\n<figure class=\"wp-block-image size-large is-resized\"><img loading=\"lazy\" decoding=\"async\" width=\"1024\" height=\"768\" src=\"http:\/\/damienreynaud.fr\/wp-content\/uploads\/2023\/11\/3-1024x768.jpg\" alt=\"\" class=\"wp-image-1600\" style=\"width:313px;height:234px\" srcset=\"https:\/\/damienreynaud.fr\/wp-content\/uploads\/2023\/11\/3-1024x768.jpg 1024w, https:\/\/damienreynaud.fr\/wp-content\/uploads\/2023\/11\/3-300x225.jpg 300w, https:\/\/damienreynaud.fr\/wp-content\/uploads\/2023\/11\/3-150x113.jpg 150w, https:\/\/damienreynaud.fr\/wp-content\/uploads\/2023\/11\/3-768x576.jpg 768w, https:\/\/damienreynaud.fr\/wp-content\/uploads\/2023\/11\/3-1536x1152.jpg 1536w, https:\/\/damienreynaud.fr\/wp-content\/uploads\/2023\/11\/3-2048x1536.jpg 2048w\" sizes=\"(max-width: 1024px) 100vw, 1024px\" \/><\/figure>\n<\/div>\n<\/div>\n\n\n\n<p>&#8230;<\/p>\n\n\n\n<p><strong><em>Recouvrer l&rsquo;invu<\/em><\/strong>, \u00c9velyne Peschard &amp; Atelier 20 : 200 exemplaires num\u00e9rot\u00e9s, format 14,5&#215;19 cm, 28 pages regroupant un texte de \u00c9velyne Peschard, une pr\u00e9sentation des exp\u00e9riences de thermographies de l&rsquo;Atelier 20 (entre autres compos\u00e9 des artistes \u00c9lisabeth Gilbert, Francis Jouet, Isabelle Laurent, Olivier Umhauer et Michel Pasquette), et 22 reproductions en couleur des thermographies de l&rsquo;Atelier 20 expos\u00e9es \u00e0 la galerie La Travers\u00e9e (<em>Thermographies et autres graphies, projets \u00e9ditoriaux<\/em>), Cherbourg, ISBN 978-2-9579078-2-3, \u00a9Evelyne Peschard &amp; Atelier20, 10\u20ac. <\/p>\n\n\n\n<div class=\"wp-block-group is-nowrap is-layout-flex wp-container-core-group-layout-5 wp-block-group-is-layout-flex\">\n<div class=\"wp-block-group is-layout-constrained wp-block-group-is-layout-constrained\"><div class=\"wp-block-group__inner-container\">\n<div class=\"wp-block-group is-nowrap is-layout-flex wp-container-core-group-layout-3 wp-block-group-is-layout-flex\">\n<figure class=\"wp-block-image size-large is-resized\"><img loading=\"lazy\" decoding=\"async\" width=\"768\" height=\"1024\" src=\"http:\/\/damienreynaud.fr\/wp-content\/uploads\/2023\/11\/4-768x1024.jpg\" alt=\"\" class=\"wp-image-1603\" style=\"width:225px;height:299px\" srcset=\"https:\/\/damienreynaud.fr\/wp-content\/uploads\/2023\/11\/4-768x1024.jpg 768w, https:\/\/damienreynaud.fr\/wp-content\/uploads\/2023\/11\/4-225x300.jpg 225w, https:\/\/damienreynaud.fr\/wp-content\/uploads\/2023\/11\/4-113x150.jpg 113w, https:\/\/damienreynaud.fr\/wp-content\/uploads\/2023\/11\/4-1152x1536.jpg 1152w, https:\/\/damienreynaud.fr\/wp-content\/uploads\/2023\/11\/4-1536x2048.jpg 1536w, https:\/\/damienreynaud.fr\/wp-content\/uploads\/2023\/11\/4-scaled.jpg 1920w\" sizes=\"(max-width: 768px) 100vw, 768px\" \/><\/figure>\n\n\n\n<figure class=\"wp-block-image size-large is-resized\"><img loading=\"lazy\" decoding=\"async\" width=\"768\" height=\"1024\" src=\"http:\/\/damienreynaud.fr\/wp-content\/uploads\/2023\/11\/5-768x1024.jpg\" alt=\"\" class=\"wp-image-1604\" style=\"width:223px;height:297px\" srcset=\"https:\/\/damienreynaud.fr\/wp-content\/uploads\/2023\/11\/5-768x1024.jpg 768w, https:\/\/damienreynaud.fr\/wp-content\/uploads\/2023\/11\/5-225x300.jpg 225w, https:\/\/damienreynaud.fr\/wp-content\/uploads\/2023\/11\/5-113x150.jpg 113w, https:\/\/damienreynaud.fr\/wp-content\/uploads\/2023\/11\/5-1152x1536.jpg 1152w, https:\/\/damienreynaud.fr\/wp-content\/uploads\/2023\/11\/5-1536x2048.jpg 1536w, https:\/\/damienreynaud.fr\/wp-content\/uploads\/2023\/11\/5-scaled.jpg 1920w\" sizes=\"(max-width: 768px) 100vw, 768px\" \/><\/figure>\n\n\n\n<figure class=\"wp-block-image size-large is-resized\"><img loading=\"lazy\" decoding=\"async\" width=\"768\" height=\"1024\" src=\"http:\/\/damienreynaud.fr\/wp-content\/uploads\/2023\/11\/6-768x1024.jpg\" alt=\"\" class=\"wp-image-1605\" style=\"width:226px;height:301px\" srcset=\"https:\/\/damienreynaud.fr\/wp-content\/uploads\/2023\/11\/6-768x1024.jpg 768w, https:\/\/damienreynaud.fr\/wp-content\/uploads\/2023\/11\/6-225x300.jpg 225w, https:\/\/damienreynaud.fr\/wp-content\/uploads\/2023\/11\/6-113x150.jpg 113w, https:\/\/damienreynaud.fr\/wp-content\/uploads\/2023\/11\/6-1152x1536.jpg 1152w, https:\/\/damienreynaud.fr\/wp-content\/uploads\/2023\/11\/6-1536x2048.jpg 1536w, https:\/\/damienreynaud.fr\/wp-content\/uploads\/2023\/11\/6-scaled.jpg 1920w\" sizes=\"(max-width: 768px) 100vw, 768px\" \/><\/figure>\n<\/div>\n<\/div><\/div>\n<\/div>\n\n\n\n<p>&#8230;<\/p>\n\n\n\n<p><strong>Digigraphie<\/strong>, tirage d&rsquo;art Epson Ultra Plus, 30 exemplaires sur papier Hahnem\u00fchle Rag 308g, format 21&#215;29,7 cm, largeur image 21 cm, num\u00e9rot\u00e9 et sign\u00e9 Atelier 20, impression Atelier i, \u00e9ditionslesm\u00e9t\u00e9ores 2023, \u00a9Atelier 20, 30 euros.<\/p>\n\n\n\n<figure class=\"wp-block-image size-full\"><img loading=\"lazy\" decoding=\"async\" width=\"709\" height=\"493\" src=\"http:\/\/damienreynaud.fr\/wp-content\/uploads\/2023\/11\/digigraphie-atelier-20-SITE-WEB.jpg\" alt=\"\" class=\"wp-image-1619\" srcset=\"https:\/\/damienreynaud.fr\/wp-content\/uploads\/2023\/11\/digigraphie-atelier-20-SITE-WEB.jpg 709w, https:\/\/damienreynaud.fr\/wp-content\/uploads\/2023\/11\/digigraphie-atelier-20-SITE-WEB-300x209.jpg 300w, https:\/\/damienreynaud.fr\/wp-content\/uploads\/2023\/11\/digigraphie-atelier-20-SITE-WEB-150x104.jpg 150w\" sizes=\"(max-width: 709px) 100vw, 709px\" \/><\/figure>\n\n\n\n<p><\/p>\n\n\n\n<p>&#8230;<\/p>\n\n\n\n<p><strong><em>Dr\u00f4les d&rsquo;oiseaux<\/em><\/strong>, Ivan Messac : 200 exemplaires num\u00e9rot\u00e9s, format 14,5&#215;19 cm, 28 pages \u00ab\u00a0aux enfants et aux oiseaux, aux adultes et aux dr\u00f4les d&rsquo;oiseaux\u00a0\u00bb, 14 oiseaux, 23 dessins en couleur et 13 comptines, ISBN 978-2-9579078-1-6, \u00a9Ivan Messac, 10\u20ac.<\/p>\n\n\n\n<div class=\"wp-block-group is-nowrap is-layout-flex wp-container-core-group-layout-6 wp-block-group-is-layout-flex\">\n<figure class=\"wp-block-image size-large is-resized\"><img loading=\"lazy\" decoding=\"async\" width=\"768\" height=\"1024\" src=\"http:\/\/damienreynaud.fr\/wp-content\/uploads\/2023\/11\/7-768x1024.jpg\" alt=\"\" class=\"wp-image-1608\" style=\"width:225px;height:300px\" srcset=\"https:\/\/damienreynaud.fr\/wp-content\/uploads\/2023\/11\/7-768x1024.jpg 768w, https:\/\/damienreynaud.fr\/wp-content\/uploads\/2023\/11\/7-225x300.jpg 225w, https:\/\/damienreynaud.fr\/wp-content\/uploads\/2023\/11\/7-113x150.jpg 113w, https:\/\/damienreynaud.fr\/wp-content\/uploads\/2023\/11\/7-1152x1536.jpg 1152w, https:\/\/damienreynaud.fr\/wp-content\/uploads\/2023\/11\/7-1536x2048.jpg 1536w, https:\/\/damienreynaud.fr\/wp-content\/uploads\/2023\/11\/7-scaled.jpg 1920w\" sizes=\"(max-width: 768px) 100vw, 768px\" \/><\/figure>\n\n\n\n<figure class=\"wp-block-image size-large is-resized\"><img loading=\"lazy\" decoding=\"async\" width=\"768\" height=\"1024\" src=\"http:\/\/damienreynaud.fr\/wp-content\/uploads\/2023\/11\/8-768x1024.jpg\" alt=\"\" class=\"wp-image-1609\" style=\"width:226px;height:301px\" srcset=\"https:\/\/damienreynaud.fr\/wp-content\/uploads\/2023\/11\/8-768x1024.jpg 768w, https:\/\/damienreynaud.fr\/wp-content\/uploads\/2023\/11\/8-225x300.jpg 225w, https:\/\/damienreynaud.fr\/wp-content\/uploads\/2023\/11\/8-113x150.jpg 113w, https:\/\/damienreynaud.fr\/wp-content\/uploads\/2023\/11\/8-1152x1536.jpg 1152w, https:\/\/damienreynaud.fr\/wp-content\/uploads\/2023\/11\/8-1536x2048.jpg 1536w, https:\/\/damienreynaud.fr\/wp-content\/uploads\/2023\/11\/8-scaled.jpg 1920w\" sizes=\"(max-width: 768px) 100vw, 768px\" \/><\/figure>\n\n\n\n<figure class=\"wp-block-image size-large is-resized\"><img loading=\"lazy\" decoding=\"async\" width=\"768\" height=\"1024\" src=\"http:\/\/damienreynaud.fr\/wp-content\/uploads\/2023\/11\/9-768x1024.jpg\" alt=\"\" class=\"wp-image-1610\" style=\"width:226px;height:301px\" srcset=\"https:\/\/damienreynaud.fr\/wp-content\/uploads\/2023\/11\/9-768x1024.jpg 768w, https:\/\/damienreynaud.fr\/wp-content\/uploads\/2023\/11\/9-225x300.jpg 225w, https:\/\/damienreynaud.fr\/wp-content\/uploads\/2023\/11\/9-113x150.jpg 113w, https:\/\/damienreynaud.fr\/wp-content\/uploads\/2023\/11\/9-1152x1536.jpg 1152w, https:\/\/damienreynaud.fr\/wp-content\/uploads\/2023\/11\/9-1536x2048.jpg 1536w, https:\/\/damienreynaud.fr\/wp-content\/uploads\/2023\/11\/9-scaled.jpg 1920w\" sizes=\"(max-width: 768px) 100vw, 768px\" \/><\/figure>\n<\/div>\n\n\n\n<p>&#8230;<\/p>\n\n\n\n<p><strong><em>Les Gnouzoux<\/em><\/strong>, Christophe Robe : 200 exemplaires num\u00e9rot\u00e9s, format 14,5&#215;19 cm, 28 pages quadrichromies, 16 dessins et textes en noir et blanc racontent l&rsquo;histoire du monde zouzou des Gnouzoux, qui \u00ab\u00a0est apparu dans le parcours artistique de Christophe Robe au d\u00e9tour d&rsquo;une pratique de dessin qui avait pour fonction de faire encore une fois d\u00e9raper les choses\u00a0\u00bb, ISBN 978-2-9579078-4-7, \u00a9Christophe Robe, 10\u20ac.<\/p>\n\n\n\n<div class=\"wp-block-group is-nowrap is-layout-flex wp-container-core-group-layout-8 wp-block-group-is-layout-flex\">\n<figure class=\"wp-block-image size-large is-resized\"><img loading=\"lazy\" decoding=\"async\" width=\"768\" height=\"1024\" src=\"http:\/\/damienreynaud.fr\/wp-content\/uploads\/2023\/11\/10-768x1024.jpg\" alt=\"\" class=\"wp-image-1612\" style=\"width:370px;height:492px\" srcset=\"https:\/\/damienreynaud.fr\/wp-content\/uploads\/2023\/11\/10-768x1024.jpg 768w, https:\/\/damienreynaud.fr\/wp-content\/uploads\/2023\/11\/10-225x300.jpg 225w, https:\/\/damienreynaud.fr\/wp-content\/uploads\/2023\/11\/10-113x150.jpg 113w, https:\/\/damienreynaud.fr\/wp-content\/uploads\/2023\/11\/10-1152x1536.jpg 1152w, https:\/\/damienreynaud.fr\/wp-content\/uploads\/2023\/11\/10-1536x2048.jpg 1536w, https:\/\/damienreynaud.fr\/wp-content\/uploads\/2023\/11\/10-scaled.jpg 1920w\" sizes=\"(max-width: 768px) 100vw, 768px\" \/><\/figure>\n\n\n\n<div class=\"wp-block-group is-vertical is-layout-flex wp-container-core-group-layout-7 wp-block-group-is-layout-flex\">\n<figure class=\"wp-block-image size-large is-resized\"><img loading=\"lazy\" decoding=\"async\" width=\"1024\" height=\"768\" src=\"http:\/\/damienreynaud.fr\/wp-content\/uploads\/2023\/11\/11-1024x768.jpg\" alt=\"\" class=\"wp-image-1611\" style=\"width:320px;height:240px\" srcset=\"https:\/\/damienreynaud.fr\/wp-content\/uploads\/2023\/11\/11-1024x768.jpg 1024w, https:\/\/damienreynaud.fr\/wp-content\/uploads\/2023\/11\/11-300x225.jpg 300w, https:\/\/damienreynaud.fr\/wp-content\/uploads\/2023\/11\/11-150x113.jpg 150w, https:\/\/damienreynaud.fr\/wp-content\/uploads\/2023\/11\/11-768x576.jpg 768w, https:\/\/damienreynaud.fr\/wp-content\/uploads\/2023\/11\/11-1536x1152.jpg 1536w, https:\/\/damienreynaud.fr\/wp-content\/uploads\/2023\/11\/11-2048x1536.jpg 2048w\" sizes=\"(max-width: 1024px) 100vw, 1024px\" \/><\/figure>\n\n\n\n<figure class=\"wp-block-image size-large is-resized\"><img loading=\"lazy\" decoding=\"async\" width=\"1024\" height=\"768\" src=\"http:\/\/damienreynaud.fr\/wp-content\/uploads\/2023\/11\/12-1024x768.jpg\" alt=\"\" class=\"wp-image-1613\" style=\"width:321px;height:240px\" srcset=\"https:\/\/damienreynaud.fr\/wp-content\/uploads\/2023\/11\/12-1024x768.jpg 1024w, https:\/\/damienreynaud.fr\/wp-content\/uploads\/2023\/11\/12-300x225.jpg 300w, https:\/\/damienreynaud.fr\/wp-content\/uploads\/2023\/11\/12-150x113.jpg 150w, https:\/\/damienreynaud.fr\/wp-content\/uploads\/2023\/11\/12-768x576.jpg 768w, https:\/\/damienreynaud.fr\/wp-content\/uploads\/2023\/11\/12-1536x1152.jpg 1536w, https:\/\/damienreynaud.fr\/wp-content\/uploads\/2023\/11\/12-2048x1536.jpg 2048w\" sizes=\"(max-width: 1024px) 100vw, 1024px\" \/><\/figure>\n<\/div>\n<\/div>\n\n\n\n<p>&#8230;<\/p>\n\n\n\n<p><strong>Digigraphie<\/strong>, tirage d&rsquo;art Epson Ultra Plus, 30 exemplaires sur papier Hahnem\u00fchle Rag 308g, format 21&#215;29,7 cm, hauteur image 21 cm, num\u00e9rot\u00e9 et sign\u00e9 Christophe Robe, imprim\u00e9 par Atelier i, \u00e9ditionslesm\u00e9t\u00e9ores 2023, \u00a9Christophe Robe, 30\u20ac.<\/p>\n\n\n\n<figure class=\"wp-block-image size-full\"><img loading=\"lazy\" decoding=\"async\" width=\"418\" height=\"593\" src=\"http:\/\/damienreynaud.fr\/wp-content\/uploads\/2023\/11\/digigraphie-christophe-SITE-WEB.jpg\" alt=\"\" class=\"wp-image-1618\" srcset=\"https:\/\/damienreynaud.fr\/wp-content\/uploads\/2023\/11\/digigraphie-christophe-SITE-WEB.jpg 418w, https:\/\/damienreynaud.fr\/wp-content\/uploads\/2023\/11\/digigraphie-christophe-SITE-WEB-211x300.jpg 211w, https:\/\/damienreynaud.fr\/wp-content\/uploads\/2023\/11\/digigraphie-christophe-SITE-WEB-106x150.jpg 106w\" sizes=\"(max-width: 418px) 100vw, 418px\" \/><\/figure>\n\n\n\n<p><\/p>\n\n\n\n<p>\u2026<\/p>\n\n\n\n<p><strong><em>Y&rsquo;a quelqu&rsquo;un ?<\/em><\/strong>, Serpentine Teyssier &amp; Fernand Teyssier : 200 exemplaires num\u00e9rot\u00e9s, format 14,5&#215;19 cm, 28 pages quadrichromies, 8 tableaux de l&rsquo;artiste Fernand Teyssier revisit\u00e9s par sa fille Serpentine Teyssier, artiste com\u00e9dienne, pour raconter \u00ab\u00a0l&rsquo;histoire de Cacatoo, un petit cacato\u00e8s nich\u00e9 au c\u0153ur d&rsquo;une cage thoracique\u00a0\u00bb, \u00ab\u00a0c&rsquo;est avec un plaisir certain qu&rsquo;elle s&rsquo;est lanc\u00e9e dans la conception de cet ouvrage d\u00e9di\u00e9 \u00e0 la m\u00e9moire de sa complicit\u00e9 avec son dr\u00f4le de p\u00e8re\u00a0\u00bb, ISBN 978-2-9579078-3-0, \u00a9Serpentine Teyssier, 10\u20ac.<\/p>\n\n\n\n<div class=\"wp-block-group is-nowrap is-layout-flex wp-container-core-group-layout-10 wp-block-group-is-layout-flex\">\n<figure class=\"wp-block-image size-large is-resized\"><img loading=\"lazy\" decoding=\"async\" width=\"768\" height=\"1024\" src=\"http:\/\/damienreynaud.fr\/wp-content\/uploads\/2023\/11\/13-768x1024.jpg\" alt=\"\" class=\"wp-image-1614\" style=\"width:392px;height:522px\" srcset=\"https:\/\/damienreynaud.fr\/wp-content\/uploads\/2023\/11\/13-768x1024.jpg 768w, https:\/\/damienreynaud.fr\/wp-content\/uploads\/2023\/11\/13-225x300.jpg 225w, https:\/\/damienreynaud.fr\/wp-content\/uploads\/2023\/11\/13-113x150.jpg 113w, https:\/\/damienreynaud.fr\/wp-content\/uploads\/2023\/11\/13-1152x1536.jpg 1152w, https:\/\/damienreynaud.fr\/wp-content\/uploads\/2023\/11\/13-1536x2048.jpg 1536w, https:\/\/damienreynaud.fr\/wp-content\/uploads\/2023\/11\/13-scaled.jpg 1920w\" sizes=\"(max-width: 768px) 100vw, 768px\" \/><\/figure>\n\n\n\n<div class=\"wp-block-group is-vertical is-layout-flex wp-container-core-group-layout-9 wp-block-group-is-layout-flex\">\n<figure class=\"wp-block-image size-large is-resized\"><img loading=\"lazy\" decoding=\"async\" width=\"1024\" height=\"768\" src=\"http:\/\/damienreynaud.fr\/wp-content\/uploads\/2023\/11\/14-1024x768.jpg\" alt=\"\" class=\"wp-image-1615\" style=\"width:334px;height:252px\" srcset=\"https:\/\/damienreynaud.fr\/wp-content\/uploads\/2023\/11\/14-1024x768.jpg 1024w, https:\/\/damienreynaud.fr\/wp-content\/uploads\/2023\/11\/14-300x225.jpg 300w, https:\/\/damienreynaud.fr\/wp-content\/uploads\/2023\/11\/14-150x113.jpg 150w, https:\/\/damienreynaud.fr\/wp-content\/uploads\/2023\/11\/14-768x576.jpg 768w, https:\/\/damienreynaud.fr\/wp-content\/uploads\/2023\/11\/14-1536x1152.jpg 1536w, https:\/\/damienreynaud.fr\/wp-content\/uploads\/2023\/11\/14-2048x1536.jpg 2048w\" sizes=\"(max-width: 1024px) 100vw, 1024px\" \/><\/figure>\n\n\n\n<figure class=\"wp-block-image size-large is-resized\"><img loading=\"lazy\" decoding=\"async\" width=\"1024\" height=\"768\" src=\"http:\/\/damienreynaud.fr\/wp-content\/uploads\/2023\/11\/15-1024x768.jpg\" alt=\"\" class=\"wp-image-1616\" style=\"width:337px;height:252px\" srcset=\"https:\/\/damienreynaud.fr\/wp-content\/uploads\/2023\/11\/15-1024x768.jpg 1024w, https:\/\/damienreynaud.fr\/wp-content\/uploads\/2023\/11\/15-300x225.jpg 300w, https:\/\/damienreynaud.fr\/wp-content\/uploads\/2023\/11\/15-150x113.jpg 150w, https:\/\/damienreynaud.fr\/wp-content\/uploads\/2023\/11\/15-768x576.jpg 768w, https:\/\/damienreynaud.fr\/wp-content\/uploads\/2023\/11\/15-1536x1152.jpg 1536w, https:\/\/damienreynaud.fr\/wp-content\/uploads\/2023\/11\/15-2048x1536.jpg 2048w\" sizes=\"(max-width: 1024px) 100vw, 1024px\" \/><\/figure>\n<\/div>\n<\/div>\n\n\n\n<p>&#8230;<\/p>\n\n\n\n<p><strong>Digigraphie<\/strong>, tirage d&rsquo;art Epson Ultra Plus, 30 exemplaires num\u00e9rot\u00e9s sur papier Hahnem\u00fchle Rag 308g, format papier 21&#215;29,7 cm, hauteur image 21 cm, <em>Sans titre (Grand diable aux cacato\u00e8s)<\/em> de Fernand Teyssier, impression Atelier i, \u00e9ditionslesm\u00e9t\u00e9ores 2023, \u00a9Serpentine Teyssier, 30\u20ac.<\/p>\n\n\n\n<figure class=\"wp-block-image size-full is-resized\"><img loading=\"lazy\" decoding=\"async\" width=\"709\" height=\"1024\" src=\"http:\/\/damienreynaud.fr\/wp-content\/uploads\/2023\/11\/digigraphie-serpentine-SITE-WEB.jpg\" alt=\"\" class=\"wp-image-1617\" style=\"width:407px;height:587px\" srcset=\"https:\/\/damienreynaud.fr\/wp-content\/uploads\/2023\/11\/digigraphie-serpentine-SITE-WEB.jpg 709w, https:\/\/damienreynaud.fr\/wp-content\/uploads\/2023\/11\/digigraphie-serpentine-SITE-WEB-208x300.jpg 208w, https:\/\/damienreynaud.fr\/wp-content\/uploads\/2023\/11\/digigraphie-serpentine-SITE-WEB-104x150.jpg 104w\" sizes=\"(max-width: 709px) 100vw, 709px\" \/><\/figure>\n","protected":false},"excerpt":{"rendered":"<p>L&rsquo;association \u00e9ditionslesm\u00e9t\u00e9ores propose des publications d&rsquo;art, en tirage limit\u00e9 et num\u00e9rot\u00e9, autour de deux collections : Chaque livre est imprim\u00e9 en offset quadrichromie au format 14,5&#215;19 cm, couverture dos carr\u00e9 coll\u00e9 sur couch\u00e9 350g pellicul\u00e9 mat, pages int\u00e9rieures sur papier couch\u00e9 semi mat 150g, en tirage limit\u00e9 \u00e0 200 exemplaires num\u00e9rot\u00e9s. L&rsquo;association \u00e9ditionslesm\u00e9t\u00e9ores fonctionne en &hellip; <a href=\"https:\/\/damienreynaud.fr\/?page_id=1581\" class=\"more-link\">Continuer la lecture de <span class=\"screen-reader-text\">\u00e9ditionslesm\u00e9t\u00e9ores<\/span><\/a><\/p>\n","protected":false},"author":1,"featured_media":0,"parent":0,"menu_order":0,"comment_status":"closed","ping_status":"closed","template":"","meta":{"footnotes":""},"_links":{"self":[{"href":"https:\/\/damienreynaud.fr\/index.php?rest_route=\/wp\/v2\/pages\/1581"}],"collection":[{"href":"https:\/\/damienreynaud.fr\/index.php?rest_route=\/wp\/v2\/pages"}],"about":[{"href":"https:\/\/damienreynaud.fr\/index.php?rest_route=\/wp\/v2\/types\/page"}],"author":[{"embeddable":true,"href":"https:\/\/damienreynaud.fr\/index.php?rest_route=\/wp\/v2\/users\/1"}],"replies":[{"embeddable":true,"href":"https:\/\/damienreynaud.fr\/index.php?rest_route=%2Fwp%2Fv2%2Fcomments&post=1581"}],"version-history":[{"count":10,"href":"https:\/\/damienreynaud.fr\/index.php?rest_route=\/wp\/v2\/pages\/1581\/revisions"}],"predecessor-version":[{"id":1644,"href":"https:\/\/damienreynaud.fr\/index.php?rest_route=\/wp\/v2\/pages\/1581\/revisions\/1644"}],"wp:attachment":[{"href":"https:\/\/damienreynaud.fr\/index.php?rest_route=%2Fwp%2Fv2%2Fmedia&parent=1581"}],"curies":[{"name":"wp","href":"https:\/\/api.w.org\/{rel}","templated":true}]}}