{"id":160,"date":"2017-03-13T19:25:27","date_gmt":"2017-03-13T18:25:27","guid":{"rendered":"http:\/\/damienreynaud.fr\/?page_id=160"},"modified":"2020-03-30T11:45:49","modified_gmt":"2020-03-30T09:45:49","slug":"golden-potatoes-archipel","status":"publish","type":"page","link":"https:\/\/damienreynaud.fr\/?page_id=160","title":{"rendered":"golden potatoes archipel"},"content":{"rendered":"<p><img loading=\"lazy\" decoding=\"async\" class=\"alignnone wp-image-236\" src=\"http:\/\/damienreynaud.fr\/wp-content\/uploads\/2017\/04\/base_exploration-300x234.jpg\" alt=\"\" width=\"851\" height=\"664\" srcset=\"https:\/\/damienreynaud.fr\/wp-content\/uploads\/2017\/04\/base_exploration-300x234.jpg 300w, https:\/\/damienreynaud.fr\/wp-content\/uploads\/2017\/04\/base_exploration.jpg 728w\" sizes=\"(max-width: 851px) 100vw, 851px\" \/><\/p>\n<p>La d\u00e9couverte de l&rsquo;archipel des Golden Potatoes s&rsquo;est d\u00e9roul\u00e9 en 2014 et 2015, en r\u00e9sidence \u00e0 bord du plateau explorateur, sous pavillon des d\u00e9territorialisations.<\/p>\n<p>Les exp\u00e9ditions sont archiv\u00e9es <a href=\"http:\/\/goldenpotatoes.wixsite.com\/goldenpotatoes\">ici<\/a>.<\/p>\n","protected":false},"excerpt":{"rendered":"<p>La d\u00e9couverte de l&rsquo;archipel des Golden Potatoes s&rsquo;est d\u00e9roul\u00e9 en 2014 et 2015, en r\u00e9sidence \u00e0 bord du plateau explorateur, sous pavillon des d\u00e9territorialisations. Les exp\u00e9ditions sont archiv\u00e9es ici.<\/p>\n","protected":false},"author":1,"featured_media":0,"parent":17,"menu_order":0,"comment_status":"closed","ping_status":"closed","template":"","meta":{"footnotes":""},"_links":{"self":[{"href":"https:\/\/damienreynaud.fr\/index.php?rest_route=\/wp\/v2\/pages\/160"}],"collection":[{"href":"https:\/\/damienreynaud.fr\/index.php?rest_route=\/wp\/v2\/pages"}],"about":[{"href":"https:\/\/damienreynaud.fr\/index.php?rest_route=\/wp\/v2\/types\/page"}],"author":[{"embeddable":true,"href":"https:\/\/damienreynaud.fr\/index.php?rest_route=\/wp\/v2\/users\/1"}],"replies":[{"embeddable":true,"href":"https:\/\/damienreynaud.fr\/index.php?rest_route=%2Fwp%2Fv2%2Fcomments&post=160"}],"version-history":[{"count":6,"href":"https:\/\/damienreynaud.fr\/index.php?rest_route=\/wp\/v2\/pages\/160\/revisions"}],"predecessor-version":[{"id":918,"href":"https:\/\/damienreynaud.fr\/index.php?rest_route=\/wp\/v2\/pages\/160\/revisions\/918"}],"up":[{"embeddable":true,"href":"https:\/\/damienreynaud.fr\/index.php?rest_route=\/wp\/v2\/pages\/17"}],"wp:attachment":[{"href":"https:\/\/damienreynaud.fr\/index.php?rest_route=%2Fwp%2Fv2%2Fmedia&parent=160"}],"curies":[{"name":"wp","href":"https:\/\/api.w.org\/{rel}","templated":true}]}}