{"id":179,"date":"2017-03-13T20:46:32","date_gmt":"2017-03-13T19:46:32","guid":{"rendered":"http:\/\/damienreynaud.fr\/?page_id=179"},"modified":"2019-05-07T10:04:00","modified_gmt":"2019-05-07T08:04:00","slug":"autour-dun-verre","status":"publish","type":"page","link":"https:\/\/damienreynaud.fr\/?page_id=179","title":{"rendered":"autour d&rsquo;un verre"},"content":{"rendered":"<p>Script de l&rsquo;intervention au Th\u00e9\u00e2tre de Verre \u00e0 Paris, soir\u00e9e performative intitul\u00e9e \u00ab\u00a0Autour d&rsquo;un verre\u00a0\u00bb le 26 janvier 2014, invit\u00e9 par Alain Snyers et Daniel Daligand : dispositif optique avec un verre, un moteur de tourne-broche \u00e0 pile, un micro, une cam\u00e9ra num\u00e9rique, un ordinateur portable, un vid\u00e9o projecteur, un projecteur, du film plastique, de l&rsquo;adh\u00e9sif, un tube en carton avec trois miroirs en acier chrom\u00e9 \u00e0 l&rsquo;int\u00e9rieur faisant office de kal\u00e9idoscope, du fil de fer, une prise multiple et trois pieds photographiques.<\/p>\n<p>&nbsp;<\/p>\n<p>Je lance l&rsquo;enregistrement et j&rsquo;installe le dispositif avec les trois pieds, l&rsquo;ordinateur, les branchements, les r\u00e9glages. On verra bien si \u00e7a va.<\/p>\n<p>Un titre :<\/p>\n<p>(d&rsquo;apr\u00e8s Paul Verlaine, \u0152uvres Compl\u00e8tes, Confessions, tome 5, 1895)<\/p>\n<p><em>\u00abCharm\u00e9 de voir, \u00e0 travers mes cils se rapprochant, les choses me kal\u00e9idoscopaient\u00bb<br \/>\n<\/em><\/p>\n<p>Me voil\u00e0 donc avec vous autour d&rsquo;un verre. Tout de suite j&rsquo;ai eu cette r\u00e9ticence, mes r\u00e9serves face aux mots \u00ab\u00a0performance\u00a0\u00bb et \u00ab\u00a0performative\u00a0\u00bb, trop ambigu en fran\u00e7ais, comme en anglais (accomplissement, repr\u00e9sentation, interpr\u00e9tation, jeu, rendement maximal ou art du spectacle \u00e9tant autant de sens possibles). Personnellement je pr\u00e9f\u00e8re retenir notre situation, comme \u00e9tant ce qui est en train de se d\u00e9rouler, et la d\u00e9signer par le terme happening. Alan Kaprow \u00e9nonce clairement les principes de ce concept\u00a0: un environnement d&rsquo;objets dans lequel on ne peut pas p\u00e9n\u00e9trer ou un environnement optique, des actions simultan\u00e9es et\/ou multi-sensorielles, une gratuit\u00e9 de ce qui a lieu, un refus du march\u00e9 de l&rsquo;art, un principe de non reproductibilit\u00e9, un pr\u00e9sent direct, une libert\u00e9 absolue, un lieu hors du circuit habituel de l&rsquo;art, la participation du public. En somme une exp\u00e9rience.<\/p>\n<p>C&rsquo;est dans ces conditions \u00e9nonc\u00e9es que je vous pr\u00e9sente une exp\u00e9rience optique \u00e0 voir contemplativement, sans mod\u00e9ration, sans alcool, ni autre f\u00e9e verte. On va voir.<\/p>\n<p>Je m&rsquo;assois et joue du verre \u00e0 pied cach\u00e9 derri\u00e8re l&rsquo;\u00e9cran de l&rsquo;ordinateur. On entend la vibration sonore du doigt qui tourne sur le tour du verre.<\/p>\n<p>What is happening around a glass\u00a0? Ce qui se passe ici autour d&rsquo;un verre, c&rsquo;est ce qu&rsquo;on attend tous. Qu&rsquo;est-ce qu&rsquo;on attend tous ici\u00a0?\u00a0 On sait bien qu&rsquo;il ne s&rsquo;agit ni d&rsquo;une vraie r\u00e9alit\u00e9, ni d&rsquo;un vrai spectacle.<\/p>\n<p>Nous sommes venus ici <em>pour voir un petit coup \u00e0 la maison<\/em>. Je mets deux petits verres sur mes yeux pour voir. C&rsquo;est beau. Est-ce que c&rsquo;est beau\u00a0?<\/p>\n<p>Attendons.<\/p>\n<p>Nous verrons bien.<\/p>\n<p>Je me pose plusieurs questions.<\/p>\n<p>Question n\u00b01\u00a0: Qu&rsquo;allons-nous mettre \u00e0 voir dans le verre\u00a0? Je fais passer les deux petits verres dans le public pour r\u00e9colter des petites choses \u00e0 voir dans le verre. Vous me donnez quelques petites choses de verre ou autre, n&rsquo;importe quoi, des choses qui ne vous serviront plus jamais et qui resteront \u00e0 voir dans le verre\u00a0: morceau de rien et de tout, d\u00e9, perle, verroterie, argenterie, tic-tac, bille, bonbon, bijou, d\u00e9bris, diamant, aqua selzer, poussi\u00e8re, fil, pilule, p\u00e9pin, pastille.<\/p>\n<p>Question n\u00b02\u00a0: Comment tenir aussi nombreux autour d&rsquo;un verre\u00a0? Je me serre. Serrez-vous. Serrons-nous. Je me sers d&rsquo;un verre sur un moteur de tourne-broche et je le vois face \u00e0 vous. Vous entendez le bruit du moteur\u00a0? Vous entendez le bruit du doigt qui tourne en m\u00eame temps autour du verre. Vous voyez le verre qui tourne\u00a0? Le tourne-broche \u00e7a nous rapproche du foyer. On va y arriver.<\/p>\n<p>Question n\u00b03\u00a0: Est-ce que quelqu&rsquo;un pense \u00e0 me ramener les petites choses que vous donnez \u00e0 voir dans les petits verres\u00a0? J&rsquo;attends. Qu&rsquo;est-ce qu&rsquo;on va avoir \u00e0 voir\u00a0?<\/p>\n<p>Question n\u00b04\u00a0: Maintenant qu&rsquo;est ce que je pourrais mettre comme d\u00e9cor autour du verre\u00a0? Je vous cadre avec ma longue vue en carton, en verre, et en acier chrom\u00e9, et ce que vous \u00eates devient un motif connect\u00e9 au vid\u00e9oprojecteur. Vous voyez. C&rsquo;est vous. En partie. Comment un tas devient un tout. L\u00e0 c&rsquo;est beau. Est-ce que c&rsquo;est beau\u00a0? Il manque le verre.<\/p>\n<p>Pendant ce temps, dans le petit verre sur tourne-broche, j&rsquo;ai vers\u00e9 toutes les petites choses, que vous m&rsquo;avez offert. Je ferme le verre avec une feuille de verre et du scotch. Je veux vous les rendre \u00e0 voir puisque c&rsquo;est l&rsquo;objet de notre pr\u00e9sence autour d&rsquo;un verre ce soir. Enfin on va voir ce qu&rsquo;on attend.<\/p>\n<p>Question n\u00b05\u00a0: Qu&rsquo;est-ce qu&rsquo;on voit\u00a0?\u00a0 Qu&rsquo;est-ce qu&rsquo;on pense, alors qu&rsquo;on voit chacun la m\u00eame chose qui tourne autour d&rsquo;un verre\u00a0? L\u00e0, \u00e0 l&rsquo;instant, je peux tricher, r\u00e9pondre avant vous. Hier j&rsquo;ai enregistr\u00e9 une r\u00e9ponse, qui ne correspond pas \u00e0 ce que je vois maintenant mais \u00e0 ce que j&rsquo;ai pens\u00e9 voir aujourd&rsquo;hui dans un verre qui tourne. J&rsquo;ai kal\u00e9idoscop\u00e9 la r\u00e9ponse sur wikip\u00e9dia. Ce que nous voyons est la reproduction d&rsquo;une exp\u00e9rience, r\u00e9alis\u00e9e \u00e0 propos de la polarisation de la lumi\u00e8re, il y a presque deux cents ans, par Sir David Brewster. Dans le petit verre il y a un nombre fini d&rsquo;\u00e9l\u00e9ments dans un espace fini. Mais cette structure oculaire kal\u00e9idoscopique permet en m\u00eame temps de d\u00e9velopper un nombre infini de combinaisons formelles dans un espace d\u00e9multipli\u00e9, tendant \u00e0 l&rsquo;infini. On peut voir quelque chose de nouveau par un simple r\u00e9agencement de ce qui existe ou existait auparavant, et cela \u00e9tant bas\u00e9 sur la cassure, par bribes et morceaux, recollables \u00e0 l&rsquo;infini. Par ce changement lent et incessant, alors que je sais pourtant que ce sont les m\u00eames choses toujours recompos\u00e9es, les concepts de permanence et de m\u00e9tamorphose peuvent se r\u00e9concilier en nous.<\/p>\n<p>Hier, \u00e0 Paris,\u00a0 j&rsquo;ai d\u00e9couvert ce po\u00e8te Soufi du XII si\u00e8cle, Mahmud Shabestari, qui a eu ces vers pr\u00e9monitoires\u00a0: \u00ab\u00a0Ce n&rsquo;est pas que le monde soit trompeur mais plut\u00f4t que, dans son incapacit\u00e9 \u00e0 voir, l&rsquo;homme s&rsquo;ing\u00e9nie \u00e0 \u00eatre tromp\u00e9&#8230; Nous sommes aveugles car nous voyons des images\u00a0\u00bb.<\/p>\n<p>Ainsi,<\/p>\n<p><em>charm\u00e9s de nous voir, nos cils se rapprochant, les choses nous kal\u00e9idoscopaient<\/em>.<\/p>\n<p>Paris, 26 janvier 2014<\/p>\n","protected":false},"excerpt":{"rendered":"<p>Script de l&rsquo;intervention au Th\u00e9\u00e2tre de Verre \u00e0 Paris, soir\u00e9e performative intitul\u00e9e \u00ab\u00a0Autour d&rsquo;un verre\u00a0\u00bb le 26 janvier 2014, invit\u00e9 par Alain Snyers et Daniel Daligand : dispositif optique avec un verre, un moteur de tourne-broche \u00e0 pile, un micro, une cam\u00e9ra num\u00e9rique, un ordinateur portable, un vid\u00e9o projecteur, un projecteur, du film plastique, de &hellip; <a href=\"https:\/\/damienreynaud.fr\/?page_id=179\" class=\"more-link\">Continuer la lecture de <span class=\"screen-reader-text\">autour d&rsquo;un verre<\/span><\/a><\/p>\n","protected":false},"author":1,"featured_media":0,"parent":17,"menu_order":0,"comment_status":"closed","ping_status":"closed","template":"","meta":{"footnotes":""},"_links":{"self":[{"href":"https:\/\/damienreynaud.fr\/index.php?rest_route=\/wp\/v2\/pages\/179"}],"collection":[{"href":"https:\/\/damienreynaud.fr\/index.php?rest_route=\/wp\/v2\/pages"}],"about":[{"href":"https:\/\/damienreynaud.fr\/index.php?rest_route=\/wp\/v2\/types\/page"}],"author":[{"embeddable":true,"href":"https:\/\/damienreynaud.fr\/index.php?rest_route=\/wp\/v2\/users\/1"}],"replies":[{"embeddable":true,"href":"https:\/\/damienreynaud.fr\/index.php?rest_route=%2Fwp%2Fv2%2Fcomments&post=179"}],"version-history":[{"count":7,"href":"https:\/\/damienreynaud.fr\/index.php?rest_route=\/wp\/v2\/pages\/179\/revisions"}],"predecessor-version":[{"id":656,"href":"https:\/\/damienreynaud.fr\/index.php?rest_route=\/wp\/v2\/pages\/179\/revisions\/656"}],"up":[{"embeddable":true,"href":"https:\/\/damienreynaud.fr\/index.php?rest_route=\/wp\/v2\/pages\/17"}],"wp:attachment":[{"href":"https:\/\/damienreynaud.fr\/index.php?rest_route=%2Fwp%2Fv2%2Fmedia&parent=179"}],"curies":[{"name":"wp","href":"https:\/\/api.w.org\/{rel}","templated":true}]}}