{"id":459,"date":"2018-12-02T22:58:25","date_gmt":"2018-12-02T21:58:25","guid":{"rendered":"http:\/\/damienreynaud.fr\/?page_id=459"},"modified":"2018-12-02T22:59:56","modified_gmt":"2018-12-02T21:59:56","slug":"cicatrice","status":"publish","type":"page","link":"https:\/\/damienreynaud.fr\/?page_id=459","title":{"rendered":"cicatrice"},"content":{"rendered":"<p>\u00ab\u00a0Ce qu\u2019il y a de plus profond en l\u2019homme c\u2019est la peau\u2026 En tant qu\u2019il se conna\u00eet\u00a0\u00bb (Paul Val\u00e9ry)<\/p>\n<p>Profondeur de la peau se souvenir de tout par la peau s\u2019y reconna\u00eetre le corps comme un vaste r\u00e9servoir dermique de m\u00e9moire corpus corpus infinie impr\u00e9gnation charnelle de l\u2019espace r\u00e9miniscente incarnation du derme pictural empreinte de la surface pigmentaire des peaux de peinture du bleu du rose des bleus des rose sublimations des chairs dans un espace d\u00e9passant leur repr\u00e9sentation de la peau du tableau au tableau de la peau tout \u00e9tant dans la peau couleur et r\u00e9flectance de la peau support \u00e9pidermique comme surface picturale peau peinture vivante \u00e9tendue des tissus pigmentaires de la peau surface \u00e9pidermique d\u2019une \u00e9criture de soi inscription de soi en soi peau de soie soyeuse granuleuse frip\u00e9e douce s\u00e8che rid\u00e9e bless\u00e9e marqu\u00e9e r\u00eache teint\u00e9e du pass\u00e9 incarnation de l\u2019\u00eatre peau support des inscriptions v\u00e9cues peau marqu\u00e9es du paysage sillonn\u00e9 pass\u00e9 \u00e9criture \u00e9pidermique des choses des affects transfert des affects dans les signes de la peau signes grav\u00e9s tatou\u00e9s inscrits \u00e9crits cicatris\u00e9s codage \u00e9pidermique des souvenirs notre propre peau comme toile au go\u00fbt de soi en soi inscription \u00e9pidermique des cicatrices du temps perdu oubli\u00e9 r\u00e9miniscence des souvenirs dans les signes corpusculaires grav\u00e9s \u00e0 fleur de peau ligne de vie ligne du temps signe des accidents marquage des \u00e9v\u00e8nements gravure des faits griffure \u00e9gratignure apex scarification \u00e9corchure \u00e9corch\u00e9 pelure mue peau de p\u00eache graffiti tranche cro\u00fbte tache pigmentaire br\u00fblure rousseur micro cicatrice micro indice de m\u00e9moire croissance des os du temps du fond de l\u2019oubli expansion des tissus dermique de la croissance texture du temps des peaux de chagrin signe pigmentaire \u00e9pidermique virgule point grain veine poil point virgule deux points \u00e0 la ligne fermer les guillemets \u00e0 la ligne pli graisse inscription tatouage carnation infime cloison dermique respirante poreuse perm\u00e9abilit\u00e9 des faits dans la peau \u00e0 travers la peau dans la peau sous la peau au fond de la peau peau d\u2019orange manque de peau peau de mangue gangue dermique des souvenirs silencieux greffe des peaux rapi\u00e8cement des souvenirs bout \u00e0 bout couture des tissus cicatrisation des tissus liens fonctionnels r\u00e9glant l\u2019\u00e9veil des capacit\u00e9s cognitives des peaux peau d\u2019indien peau de peinture peau vivante peinture incarn\u00e9e dans une peau vivante de l\u2019imperceptible \u00e0 la gigantesque empreinte du temps et de l\u2019espace dans la surface pigmentaire du derme irritation rougeur bleu d\u00e9mangeaison bouton cicatrice orifice du corps caverne des souvenirs cicatrice sur fond d\u2019oubli \u00e9tablissement de notre ancrage dans le monde par son enveloppe corporelle infime la peau comme moyen g\u00e9n\u00e9ral d\u2019avoir un monde \u00e9difice de peau dernier refuge paisible des souvenirs oubli\u00e9s habitacle dermique \u00e9difice dermique demeure silencieuse des innombrables souvenirs intime zone de contact entre notre monde interne et le monde ext\u00e9rieur zone \u00e9pidermique de communication avec le temps et l\u2019espace neuro derme transmetteur neuro derme \u00e9metteur de m\u00e9moire organique cellule r\u00e9paratrice de la peau d\u00e9veloppement des tissus \u00e9pidermiques volume cellulaire des souvenirs minceur dermique et souplesse des membranes organiques de la peau se souvenant silencieusement \u00e9change intracellulaire et extracellulaire des inscriptions r\u00e9miniscentes m\u00e9moire des tissus organiques et corpusculaires sensation de surface capable de se souvenir par l\u2019effleurement \u00e9pidermique exp\u00e9rience tactile de la r\u00e9miniscence dermique \u00eatre devant sa peau avec quelqu\u2019un se souvenir relevant \u00e0 la fois du pr\u00e9sent et de l\u2019absent tout le v\u00e9cu de la dur\u00e9e inscrit dans la peau \u00e9criture des cicatrices point barre deux points de croix virgule intimit\u00e9 dermique du temps au commencement le verbe le mot et la chair inscrite \u00e9paisseur temporelle du derme des souvenirs germe dermique des implants de m\u00e9moire ressaisissement du pass\u00e9 dans les inscriptions laiss\u00e9es dans la peau toute l\u2019\u00e9tendue entre la naissance et la fin en r\u00e9sidence dans les marques \u00e9pidermiques des couches de d\u00e9p\u00f4t sur le derme enrob\u00e9 de sens \u00e0 d\u00e9m\u00ealer entre doses d\u2019inconscience d\u2019oubli de souvenir incomplet de m\u00e9moire affective d\u2019esprit de chair d\u2019obscurit\u00e9 de lumi\u00e8re inconscient tapis dermique des silencieux souvenirs n\u0153ud \u00e9pidermique des significations vivantes pincement du r\u00e9veil de la peau consciente corps de chair et d\u2019esprit m\u00eal\u00e9s r\u00e9veil en surface de la chair consciente des choses image de fond du derme pinc\u00e9 immense derme profondeur insondable du souvenir impalpable immat\u00e9rielle surface du souvenir cach\u00e9 dans la texture dermique souvenir organique model\u00e9 en velout\u00e9 de peau courbure cambrure du poids des souvenirs \u00a0sur la peau moulage dermique des m\u00e9moires en cire mise en forme du corps m\u00e9moire cicatrice des corps ex-voto manteaux et demeures m\u00e9morielles de chair surface courb\u00e9e courbure \u00e9chancrure blessure des tissus dermiques pliss\u00e9s ponctu\u00e9s pigment\u00e9s pour se souvenir mat\u00e9riau du d\u00e9sir peau votive offerte \u00e0 l\u2019inscription de ses marques se souvenant traces \u00e9pidermiques signes du temps retrouv\u00e9 perdu enfoui dans la profondeur organique des chairs des plis des replis r\u00e9surgence des s\u00e9diments du temps absent\u00a0 par les cicatrices poreuses et les organes textiles modelage d\u2019une peau madeleine teint\u00e9e dor\u00e9e par la lente cuisson des images pass\u00e9es peau souple rendant au corps le moulage de ses souvenirs par empreinte m\u00e9moire de l\u2019empreinte m\u00e9moire de la forme forme m\u00e9moire dans la forme dermique m\u00e9moire du signe m\u00e9moire de la marque d\u00e9pos\u00e9e odeur et fragrance du derme essence du souvenir touch\u00e9 de la peau lecture du temps cicatris\u00e9 \u00e9criture du pass\u00e9 sur la surface \u00e9pidermique d\u2019ici et maintenant vision pr\u00e9sente de l\u2019image d\u2019un pass\u00e9 non reconnu comme tel dans l\u2019image infiniment immat\u00e9rielle du souvenir texture charnelle des images tissus oculaires des chairs r\u00e9miniscentes remont\u00e9e du profond souvenir ensommeill\u00e9 et d\u00e9m\u00eal\u00e9 des m\u00e9andres organiques du fond du corps image de fond du fond de l\u2019\u00eatre \u00e9tendue sans image offerte \u00e0 la surface du corps des hauteurs lentes et silencieuses du souvenir fond dermique des images de fond des lointaines images absentes marquage des chairs par les \u00e9l\u00e9ments perdus mati\u00e8re rose monochrome des images disparues impossibilit\u00e9 d\u2019une image du souvenir sinon que dans l\u2019image immat\u00e9rielle et infinie d\u2019une zone sublim\u00e9e de chair marqu\u00e9e et color\u00e9e corps enduit de la couleur immat\u00e9rielle de la r\u00e9miniscence anthropom\u00e9trie de l\u2019\u00e9poque bleue rose verte rouge pigmentation du temps dermique jaune noir blanc orange ocre terre de sienne anis terre br\u00fbl\u00e9e carmin gris vert les couleurs du temps perdu sont les \u00e9poques des couleurs de la peau fant\u00f4me spectre chromatique indicibilit\u00e9 des couleurs du temps perdu gris moyen innommable et fragment\u00e9 mod\u00e8le fractal des tissus r\u00e9miniscents fragmentation \u00e9clatement spatial des s\u00e9diments \u00e9pidermiques des images la peau en soi comme marquage du temps retrouv\u00e9 comme portrait sans image \u00e9tendue monochrome immat\u00e9rielle des r\u00e9miniscences tous les souvenirs des ayant \u00e9t\u00e9 \u00e9tant \u00e0 la surface de la peau dans les micros sillons du vinyle dermique cicatris\u00e9 peau m\u00e9morial total \u00e9tant respiration \u00e9pidermique des r\u00e9miniscences images transpir\u00e9es des souvenirs transfigur\u00e9s au creux des cicatrices image et peau sont des formes du temps inscrit par ses signes empreintes marquages contre-marques granulations graduations de lumi\u00e8res et d\u2019ombres l\u2019image est la peau du temps la peau est l\u2019image marqu\u00e9e du temps les images sont les cicatrices ouvertes ou ferm\u00e9es du r\u00e9cit vivant par l\u2019alt\u00e9ration du pigment de l\u2019\u00e9piderme celle du grain argentique ou du pixel num\u00e9rique la marque du temps \u00e0 la surface de la peau des images<\/p>\n<p>&nbsp;<\/p>\n<p>Notes de travail, 2008, s\u00e9rie photographique<a href=\"http:\/\/damienreynaud.fr\/?page_id=450\"><em> les cicatrices<\/em><\/a><\/p>\n","protected":false},"excerpt":{"rendered":"<p>\u00ab\u00a0Ce qu\u2019il y a de plus profond en l\u2019homme c\u2019est la peau\u2026 En tant qu\u2019il se conna\u00eet\u00a0\u00bb (Paul Val\u00e9ry) Profondeur de la peau se souvenir de tout par la peau s\u2019y reconna\u00eetre le corps comme un vaste r\u00e9servoir dermique de m\u00e9moire corpus corpus infinie impr\u00e9gnation charnelle de l\u2019espace r\u00e9miniscente incarnation du derme pictural empreinte de &hellip; <a href=\"https:\/\/damienreynaud.fr\/?page_id=459\" class=\"more-link\">Continuer la lecture de <span class=\"screen-reader-text\">cicatrice<\/span><\/a><\/p>\n","protected":false},"author":1,"featured_media":0,"parent":0,"menu_order":0,"comment_status":"closed","ping_status":"closed","template":"","meta":{"footnotes":""},"_links":{"self":[{"href":"https:\/\/damienreynaud.fr\/index.php?rest_route=\/wp\/v2\/pages\/459"}],"collection":[{"href":"https:\/\/damienreynaud.fr\/index.php?rest_route=\/wp\/v2\/pages"}],"about":[{"href":"https:\/\/damienreynaud.fr\/index.php?rest_route=\/wp\/v2\/types\/page"}],"author":[{"embeddable":true,"href":"https:\/\/damienreynaud.fr\/index.php?rest_route=\/wp\/v2\/users\/1"}],"replies":[{"embeddable":true,"href":"https:\/\/damienreynaud.fr\/index.php?rest_route=%2Fwp%2Fv2%2Fcomments&post=459"}],"version-history":[{"count":2,"href":"https:\/\/damienreynaud.fr\/index.php?rest_route=\/wp\/v2\/pages\/459\/revisions"}],"predecessor-version":[{"id":462,"href":"https:\/\/damienreynaud.fr\/index.php?rest_route=\/wp\/v2\/pages\/459\/revisions\/462"}],"wp:attachment":[{"href":"https:\/\/damienreynaud.fr\/index.php?rest_route=%2Fwp%2Fv2%2Fmedia&parent=459"}],"curies":[{"name":"wp","href":"https:\/\/api.w.org\/{rel}","templated":true}]}}