{"id":483,"date":"2019-01-03T18:41:03","date_gmt":"2019-01-03T17:41:03","guid":{"rendered":"http:\/\/damienreynaud.fr\/?page_id=483"},"modified":"2022-02-19T10:41:13","modified_gmt":"2022-02-19T09:41:13","slug":"mythographie-du-ciel-inverse","status":"publish","type":"page","link":"https:\/\/damienreynaud.fr\/?page_id=483","title":{"rendered":"mythographie du ciel invers\u00e9"},"content":{"rendered":"<p>Des oiseaux de nuit m\u2019ont racont\u00e9 comment l\u2019\u00e9lectricit\u00e9 a invers\u00e9 l\u2019origine du ciel. Du haut de leur vol nocturne, les lumi\u00e8res des villes, des routes, des ports et des a\u00e9roports ont remplac\u00e9 les \u00e9toiles du ciel. Comme les marins et les voyageurs se dirigeaient jadis gr\u00e2ce aux rep\u00e8res des lueurs ou aux formes des constellations, les oiseaux ont perdu leur carte du ciel. La lumi\u00e8re du progr\u00e8s leur a vol\u00e9 leur nuit. Voler sur le ciel imp\u00e9rial et \u00e9lectris\u00e9 des villes a invers\u00e9 leur allure, immobilis\u00e9 leur migration, restreint leur vue, d\u00e9s\u00e9quilibr\u00e9 leurs ailes et aveugl\u00e9 leur sens. Contrari\u00e9s par toutes les paillettes des lumi\u00e8res artificielles, ils marchent sur la t\u00eate, volent \u00e0 l\u2019envers, se fracassent dans les flashs \u00e9lectriques, crient et tournent en rond dans les impasses des ampoules, les pleins feux spectaculaires ou les guirlandes de diodes \u00e9lectroluminescentes. Voil\u00e0 comment est arriv\u00e9e la tragique l\u00e9gende du ciel invers\u00e9 des oiseaux. Ce bouleversement a contamin\u00e9 tous les animaux. Certains avaient d\u00e9j\u00e0 vu la for\u00eat s\u2019inverser, de m\u00eame l\u2019\u00eele br\u00fbler comme un lac de p\u00e9trole, la mer s\u00e9cher comme bak\u00e9lite, le sous-sol de la terre meuble se s\u00e9dimenter en agglom\u00e9rats nocifs, la vall\u00e9e fondre comme glace ou la montagne d\u2019or dispara\u00eetre sous leurs pattes. Ainsi renvers\u00e9e, toute la nature a r\u00eav\u00e9 d\u2019art, pour sortir des interminables galeries taxidermistes, pour imaginer le monde, le cr\u00e9er et le faire survivre au mieux de ses ruines s\u00e9duisantes. Depuis lors, tels des volutes, par nu\u00e9e, les oiseaux dessinent d\u2019\u00e9tranges images en mouvement pour conjurer le poids du ciel et l\u2019aveuglement des pleins phares.<\/p>\n<p>Notes de travail, \u00e0 la recherche d&rsquo;une <em>mythographie des \u00eeles invers\u00e9es<\/em>, 2018.<\/p>\n","protected":false},"excerpt":{"rendered":"<p>Des oiseaux de nuit m\u2019ont racont\u00e9 comment l\u2019\u00e9lectricit\u00e9 a invers\u00e9 l\u2019origine du ciel. Du haut de leur vol nocturne, les lumi\u00e8res des villes, des routes, des ports et des a\u00e9roports ont remplac\u00e9 les \u00e9toiles du ciel. Comme les marins et les voyageurs se dirigeaient jadis gr\u00e2ce aux rep\u00e8res des lueurs ou aux formes des constellations, &hellip; <a href=\"https:\/\/damienreynaud.fr\/?page_id=483\" class=\"more-link\">Continuer la lecture de <span class=\"screen-reader-text\">mythographie du ciel invers\u00e9<\/span><\/a><\/p>\n","protected":false},"author":1,"featured_media":0,"parent":14,"menu_order":0,"comment_status":"closed","ping_status":"closed","template":"","meta":{"footnotes":""},"_links":{"self":[{"href":"https:\/\/damienreynaud.fr\/index.php?rest_route=\/wp\/v2\/pages\/483"}],"collection":[{"href":"https:\/\/damienreynaud.fr\/index.php?rest_route=\/wp\/v2\/pages"}],"about":[{"href":"https:\/\/damienreynaud.fr\/index.php?rest_route=\/wp\/v2\/types\/page"}],"author":[{"embeddable":true,"href":"https:\/\/damienreynaud.fr\/index.php?rest_route=\/wp\/v2\/users\/1"}],"replies":[{"embeddable":true,"href":"https:\/\/damienreynaud.fr\/index.php?rest_route=%2Fwp%2Fv2%2Fcomments&post=483"}],"version-history":[{"count":5,"href":"https:\/\/damienreynaud.fr\/index.php?rest_route=\/wp\/v2\/pages\/483\/revisions"}],"predecessor-version":[{"id":1374,"href":"https:\/\/damienreynaud.fr\/index.php?rest_route=\/wp\/v2\/pages\/483\/revisions\/1374"}],"up":[{"embeddable":true,"href":"https:\/\/damienreynaud.fr\/index.php?rest_route=\/wp\/v2\/pages\/14"}],"wp:attachment":[{"href":"https:\/\/damienreynaud.fr\/index.php?rest_route=%2Fwp%2Fv2%2Fmedia&parent=483"}],"curies":[{"name":"wp","href":"https:\/\/api.w.org\/{rel}","templated":true}]}}