{"id":60,"date":"2016-11-28T16:12:29","date_gmt":"2016-11-28T15:12:29","guid":{"rendered":"http:\/\/damienreynaud.fr\/?page_id=60"},"modified":"2017-03-13T17:47:42","modified_gmt":"2017-03-13T16:47:42","slug":"cent-aphorismes-et-cent-cartes-postales","status":"publish","type":"page","link":"https:\/\/damienreynaud.fr\/?page_id=60","title":{"rendered":"cent aphorismes sur l&rsquo;image"},"content":{"rendered":"<p class=\"Standard\" style=\"margin-left: 18.0pt;\"><span style=\"font-family: 'Garamond',serif;\">L&rsquo;incantation silencieuse de l&rsquo;image provient de sa fonction magique.<\/span><\/p>\n<p class=\"Standard\" style=\"margin-left: 18.0pt;\"><span style=\"font-family: 'Garamond',serif;\">A travers les images les plus ordinaires, chacun est po\u00e8te.<\/span><\/p>\n<p class=\"Standard\" style=\"margin-left: 18.0pt;\"><span style=\"font-family: 'Garamond',serif;\">L&rsquo;image fait du bruit.<\/span><\/p>\n<p class=\"Standard\" style=\"margin-left: 18.0pt;\"><span style=\"font-family: 'Garamond',serif;\">Pour l&rsquo;image, la vue c&rsquo;est comme la voix dans le texte.<\/span><\/p>\n<p class=\"Standard\" style=\"margin-left: 18.0pt;\"><span style=\"font-family: 'Garamond',serif;\">L&rsquo;image est romanesque.<\/span><\/p>\n<p class=\"Standard\" style=\"margin-left: 18.0pt;\"><span style=\"font-family: 'Garamond',serif;\">En regardant l&rsquo;image on se dit souvent que c&rsquo;\u00e9tait mieux avant.<\/span><\/p>\n<p class=\"Standard\" style=\"margin-left: 18.0pt;\"><span style=\"font-family: 'Garamond',serif;\">En donnant une vue \u00e0 la pens\u00e9e, l&rsquo;image fait venir les id\u00e9es.<\/span><\/p>\n<p class=\"Standard\" style=\"margin-left: 18.0pt;\"><span style=\"font-family: 'Garamond',serif;\">L&rsquo;image est le r\u00e9sultat conscient de l&rsquo;espace modifi\u00e9.<\/span><\/p>\n<p class=\"Standard\" style=\"margin-left: 18.0pt;\"><span style=\"font-family: 'Garamond',serif;\">Le r\u00e9el se lisse par l&rsquo;abondance des images.<\/span><\/p>\n<p class=\"Standard\" style=\"margin-left: 18.0pt;\"><span style=\"font-family: 'Garamond',serif;\">L&rsquo;exception se cache toujours dans l&rsquo;image la plus ordinaire.<\/span><\/p>\n<p class=\"Standard\" style=\"margin-left: 18.0pt;\"><span style=\"font-family: 'Garamond',serif;\">Les images peuvent voir plus de choses, plus loin.<\/span><\/p>\n<p class=\"Standard\" style=\"margin-left: 18.0pt;\"><span style=\"font-family: 'Garamond',serif;\">Parce que l&rsquo;image nous le dit bien, nous le voyons ais\u00e9ment.<\/span><\/p>\n<p class=\"Standard\" style=\"margin-left: 18.0pt;\"><span style=\"font-family: 'Garamond',serif;\">Bien que l&rsquo;image nous l&rsquo;ait d\u00e9j\u00e0 dit, nous ne l&rsquo;avons pas vu.<\/span><\/p>\n<p class=\"Standard\" style=\"margin-left: 18.0pt;\"><span style=\"font-family: 'Garamond',serif;\">L&rsquo;image c&rsquo;est ce qu&rsquo;elle fait de nous.<\/span><\/p>\n<p class=\"Standard\" style=\"margin-left: 18.0pt;\"><span style=\"font-family: 'Garamond',serif;\">La programmation et les statistiques robotisent les images, donc le regard.<\/span><\/p>\n<p class=\"Standard\" style=\"margin-left: 18.0pt;\"><span style=\"font-family: 'Garamond',serif;\">Les images archivent le pass\u00e9, surveillent le pr\u00e9sent et pr\u00e9voient l&rsquo;avenir.<\/span><\/p>\n<p class=\"Standard\" style=\"margin-left: 18.0pt;\"><span style=\"font-family: 'Garamond',serif;\">La quantit\u00e9 industrielle d&rsquo;images exprime la m\u00eame recherche d&rsquo;une image perdue.<\/span><\/p>\n<p class=\"Standard\" style=\"margin-left: 18.0pt;\"><span style=\"font-family: 'Garamond',serif;\">On fait des images pour \u00eatre aim\u00e9.<\/span><\/p>\n<p class=\"Standard\" style=\"margin-left: 18.0pt;\"><span style=\"font-family: 'Garamond',serif;\">Les images nous charment de voir.<\/span><\/p>\n<p class=\"Standard\" style=\"margin-left: 18.0pt;\"><span style=\"font-family: 'Garamond',serif;\">L&rsquo;image constitue l&rsquo;hypoth\u00e8se d&rsquo;un point de rencontre de tous les signes possibles.<\/span><\/p>\n<p class=\"Standard\" style=\"margin-left: 18.0pt;\"><span style=\"font-family: 'Garamond',serif;\">Toute image est un trou, fait son trou et passe par un autre trou.<\/span><\/p>\n<p class=\"Standard\" style=\"margin-left: 18.0pt;\"><span style=\"font-family: 'Garamond',serif;\">L&rsquo;image est ce miracle, par lequel un corps peut se tenir en deux lieux en m\u00eame temps.<\/span><\/p>\n<p class=\"Standard\" style=\"margin-left: 18.0pt;\"><span style=\"font-family: 'Garamond',serif;\">Il n&rsquo;y a pas toujours eu quelque chose dans l&rsquo;image, alors qu&rsquo;il y reste toujours quelque chose.<\/span><\/p>\n<p class=\"Standard\" style=\"margin-left: 18.0pt;\"><span style=\"font-family: 'Garamond',serif; color: black;\">Les id\u00e9es fixes forment des images floues.<\/span><\/p>\n<p class=\"Standard\" style=\"margin-left: 18.0pt;\"><span style=\"font-family: 'Garamond',serif;\">L&rsquo;image est une hallucination collective.<\/span><\/p>\n<p class=\"Standard\" style=\"margin-left: 18.0pt;\"><span style=\"font-family: 'Garamond',serif;\">L&rsquo;image est soumise \u00e0 l&rsquo;industrie culturelle du divertissement.<\/span><\/p>\n<p class=\"Standard\" style=\"margin-left: 18.0pt;\"><span style=\"font-family: 'Garamond',serif;\">L&rsquo;image est purement imaginaire.<\/span><\/p>\n<p class=\"Standard\" style=\"margin-left: 18.0pt;\"><span style=\"font-family: 'Garamond',serif;\">Chaque image d&rsquo;image est une nouvelle image.<\/span><\/p>\n<p class=\"Standard\" style=\"margin-left: 18.0pt;\"><span style=\"font-family: 'Garamond',serif;\">L&rsquo;image acte un d\u00e9sir de d\u00e9passement de nos peurs.<\/span><\/p>\n<p class=\"Standard\" style=\"margin-left: 18.0pt;\"><span style=\"font-family: 'Garamond',serif;\">En ordonnant l&rsquo;espace, les images prescrivent le monde.<\/span><\/p>\n<p class=\"Standard\" style=\"margin-left: 18.0pt;\"><span style=\"font-family: 'Garamond',serif;\">Les algorithmes permettent aux images de pr\u00e9voir l&rsquo;avenir.<\/span><\/p>\n<p class=\"Standard\" style=\"margin-left: 18.0pt;\"><span style=\"font-family: 'Garamond',serif;\">Parce qu&rsquo;elles d\u00e9sarticulent le r\u00e9el, les images nous offrent un autre temps.<\/span><\/p>\n<p class=\"Standard\" style=\"margin-left: 18.0pt;\"><span style=\"font-family: 'Garamond',serif;\">L&rsquo;image c&rsquo;est la travers\u00e9e possible de tous les \u00e9crans de mati\u00e8re.<\/span><\/p>\n<p class=\"Standard\" style=\"margin-left: 18.0pt;\"><span style=\"font-family: 'Garamond',serif;\">On n&rsquo;est pas \u00e0 l&rsquo;ext\u00e9rieur des choses, on est dans l&rsquo;image m\u00eame.<\/span><\/p>\n<p class=\"Standard\" style=\"margin-left: 18.0pt;\"><span style=\"font-family: 'Garamond',serif;\">Recouvrant la nature, l&rsquo;image impose une vision s\u00e9duisante, en r\u00e9alit\u00e9 inconfortable.<\/span><\/p>\n<p class=\"Standard\" style=\"margin-left: 18.0pt;\"><span style=\"font-family: 'Garamond',serif;\">L&rsquo;image est une extraction de soi, passant par la traduction de la mati\u00e8re.<\/span><\/p>\n<p class=\"Standard\" style=\"margin-left: 18.0pt;\"><span style=\"font-family: 'Garamond',serif;\">Rien n&rsquo;est sans les images, comme rien n&rsquo;est sans les histoires.<\/span><\/p>\n<p class=\"Standard\" style=\"margin-left: 18.0pt;\"><span style=\"font-family: 'Garamond',serif;\">L&rsquo;image vraie c&rsquo;est notre propre mensonge optique.<\/span><\/p>\n<p class=\"Standard\" style=\"margin-left: 18.0pt;\"><span style=\"font-family: 'Garamond',serif;\">L&rsquo;image est une suspension de l&rsquo;issue.<\/span><\/p>\n<p class=\"Standard\" style=\"margin-left: 18.0pt;\"><span style=\"font-family: 'Garamond',serif;\">On n&rsquo;aime pas croiser la derni\u00e8re image.<\/span><\/p>\n<p class=\"Standard\" style=\"margin-left: 18.0pt;\"><span style=\"font-family: 'Garamond',serif;\">Notre exposition \u00e0 la violence de l&rsquo;image a \u00e9t\u00e9 librement consentie.<\/span><\/p>\n<p class=\"Standard\" style=\"margin-left: 18.0pt;\"><span style=\"font-family: 'Garamond',serif;\">L&rsquo;image est porteuse d&rsquo;autre chose que son image.<\/span><\/p>\n<p class=\"Standard\" style=\"margin-left: 18.0pt;\"><span style=\"font-family: 'Garamond',serif;\">L&rsquo;image est ailleurs que dans la premi\u00e8re vue qu&rsquo;elle impose.<\/span><\/p>\n<p class=\"Standard\" style=\"margin-left: 18.0pt;\"><span style=\"font-family: 'Garamond',serif;\">L&rsquo;image ne change rien.<\/span><\/p>\n<p class=\"Standard\" style=\"margin-left: 18.0pt;\"><span style=\"font-family: 'Garamond',serif;\">Tout voir et tout avoir, c&rsquo;est l&rsquo;image.<\/span><\/p>\n<p class=\"Standard\" style=\"margin-left: 18.0pt;\"><span style=\"font-family: 'Garamond',serif;\">Chaque image est une all\u00e9gorie de la folie.<\/span><\/p>\n<p class=\"Standard\" style=\"margin-left: 18.0pt;\"><span style=\"font-family: 'Garamond',serif;\">Dans l&rsquo;image tout est affaire de d\u00e9tail et de perspective.<\/span><\/p>\n<p class=\"Standard\" style=\"margin-left: 18.0pt;\"><span style=\"font-family: 'Garamond',serif;\">L&rsquo;image est une d\u00e9flagration de la pens\u00e9e sur les id\u00e9es re\u00e7ues.<\/span><\/p>\n<p class=\"Standard\" style=\"margin-left: 18.0pt;\"><span style=\"font-family: 'Garamond',serif;\">L&rsquo;image est tout, donc l&rsquo;image est Dieu.<\/span><\/p>\n<p class=\"Standard\" style=\"margin-left: 18.0pt;\"><span style=\"font-family: 'Garamond',serif;\">Les images cherchent \u00e0 rendre universelle l&rsquo;information mondiale.<\/span><\/p>\n<p class=\"Standard\" style=\"margin-left: 18.0pt;\"><span style=\"font-family: 'Garamond',serif;\">L&rsquo;image rend cr\u00e9dible toutes les fables.<\/span><\/p>\n<p class=\"Standard\" style=\"margin-left: 18.0pt;\"><span style=\"font-family: 'Garamond',serif;\">L&rsquo;image a plus de nuances que les mots.<\/span><\/p>\n<p class=\"Standard\" style=\"margin-left: 18.0pt;\"><span style=\"font-family: 'Garamond',serif;\">Malgr\u00e9 son aspect figuratif, l&rsquo;image est la projection abstraite de la pens\u00e9e.<\/span><\/p>\n<p class=\"Standard\" style=\"margin-left: 18.0pt;\"><span style=\"font-family: 'Garamond',serif;\">L&rsquo;image nous dit plus que <i>c&rsquo;est \u00e7a<\/i>.<\/span><\/p>\n<p class=\"Standard\" style=\"margin-left: 18.0pt;\"><span style=\"font-family: 'Garamond',serif;\">L&rsquo;image correspond \u00e0 une soci\u00e9t\u00e9 en adoration devant l&rsquo;id\u00e9e de croissance.<\/span><\/p>\n<p class=\"Standard\" style=\"margin-left: 18.0pt;\"><span style=\"font-family: 'Garamond',serif;\">L&rsquo;image b\u00e2tit un manque sur la part invisible de son hors-champ.<\/span><\/p>\n<p class=\"Standard\" style=\"margin-left: 18.0pt;\"><span style=\"font-family: 'Garamond',serif;\">Les images troubles sont celles de la vue per\u00e7ante.<\/span><\/p>\n<p class=\"Standard\" style=\"margin-left: 18.0pt;\"><span style=\"font-family: 'Garamond',serif;\">L&rsquo;image c&rsquo;est le feuilleton des aventures du nerf optique.<\/span><\/p>\n<p class=\"Standard\" style=\"margin-left: 18.0pt;\"><span style=\"font-family: 'Garamond',serif;\">L&rsquo;image est l&rsquo;incarnation d&rsquo;une peau dont les signes touchent la n\u00f4tre.<\/span><\/p>\n<p class=\"Standard\" style=\"margin-left: 18.0pt;\"><span style=\"font-family: 'Garamond',serif;\">On a plus de plaisirs \u00e0 caresser des images tactiles interconnect\u00e9es.<\/span><\/p>\n<p class=\"Standard\" style=\"margin-left: 18.0pt;\"><span style=\"font-family: 'Garamond',serif;\">L&rsquo;image ne peut \u00eatre fix\u00e9e, car elle joue sur les mots.<\/span><\/p>\n<p class=\"Standard\" style=\"margin-left: 18.0pt;\"><span style=\"font-family: 'Garamond',serif;\">On a d\u00e9j\u00e0 vu toute image.<\/span><\/p>\n<p class=\"Standard\" style=\"margin-left: 18.0pt;\"><span style=\"font-family: 'Garamond',serif;\">Chaque image est celle d&rsquo;un geste interfac\u00e9.<\/span><\/p>\n<p class=\"Standard\" style=\"margin-left: 18.0pt;\"><span style=\"font-family: 'Garamond',serif;\">L&rsquo;image est une r\u00e9alit\u00e9, dont le cadre invente un nouveau r\u00e9el.<\/span><\/p>\n<p class=\"Standard\" style=\"margin-left: 18.0pt;\"><span style=\"font-family: 'Garamond',serif;\">On parle aux images comme \u00e0 des choses bien vivantes.<\/span><\/p>\n<p class=\"Standard\" style=\"margin-left: 18.0pt;\"><span style=\"font-family: 'Garamond',serif;\">L&rsquo;image parlante tient ce double langage de ce qui est lisible et de ce que j&rsquo;en dis.<\/span><\/p>\n<p class=\"Standard\" style=\"margin-left: 18.0pt;\"><span style=\"font-family: 'Garamond',serif;\">Quelle qu&rsquo;elle soit, l&rsquo;image est vraie.<\/span><\/p>\n<p class=\"Standard\" style=\"margin-left: 18.0pt;\"><span style=\"font-family: 'Garamond',serif;\">L&rsquo;image est l&#8217;empreinte de nos donn\u00e9es quotidiennes.<\/span><\/p>\n<p class=\"Standard\" style=\"margin-left: 18.0pt;\"><span style=\"font-family: 'Garamond',serif;\">L&rsquo;image est une d\u00e9flagration du regard sur l&rsquo;ordre du monde.<\/span><\/p>\n<p class=\"Standard\" style=\"margin-left: 18.0pt;\"><span style=\"font-family: 'Garamond',serif;\">L&rsquo;image retouch\u00e9e ne triche pas.<\/span><\/p>\n<p class=\"Standard\" style=\"margin-left: 18.0pt;\"><span style=\"font-family: 'Garamond',serif;\">L&rsquo;image me baigne de sa propre lumi\u00e8re.<\/span><\/p>\n<p class=\"Standard\" style=\"margin-left: 18.0pt;\"><span style=\"font-family: 'Garamond',serif;\">L&rsquo;image peut faire de l&rsquo;ombre sur la connaissance.<\/span><\/p>\n<p class=\"Standard\" style=\"margin-left: 18.0pt;\"><span style=\"font-family: 'Garamond',serif;\">La co\u00efncidence entre l&rsquo;image et le r\u00e9el est frappante.<\/span><\/p>\n<p class=\"Standard\" style=\"margin-left: 14.2pt;\"><span style=\"font-family: 'Garamond',serif;\">L&rsquo;image se tient entre les images.<\/span><\/p>\n<p class=\"Standard\" style=\"margin-left: 14.2pt;\"><span style=\"font-family: 'Garamond',serif;\">L&rsquo;image est une science de l&rsquo;optique tactile\u00a0; ce que j&rsquo;y vois me touche.<\/span><\/p>\n<p class=\"Standard\" style=\"margin-left: 14.2pt;\"><span style=\"font-family: 'Garamond',serif;\">On laisse une part de soi dans les images.<\/span><\/p>\n<p class=\"Standard\" style=\"margin-left: 14.2pt;\"><span style=\"font-family: 'Garamond',serif;\">Chaque image est un d\u00e9sir f\u00e9cond hors norme.<\/span><\/p>\n<p class=\"Standard\" style=\"margin-left: 14.2pt;\"><span style=\"font-family: 'Garamond',serif;\">Parce qu&rsquo;elle d\u00e9sarticule le r\u00e9el, l&rsquo;image ne subit plus l&rsquo;apesanteur.<\/span><\/p>\n<p class=\"Standard\" style=\"margin-left: 14.2pt;\"><span style=\"font-family: 'Garamond',serif;\">Les images forment des rep\u00e8res de normalisation et d&rsquo;id\u00e9alisation des corps.<\/span><\/p>\n<p class=\"Standard\" style=\"margin-left: 14.2pt;\"><span style=\"font-family: 'Garamond',serif;\">Petit \u00e0 petit les choses sont recouvertes par leurs images, m\u00eame les images.<\/span><\/p>\n<p class=\"Standard\" style=\"margin-left: 14.2pt;\"><span style=\"font-family: 'Garamond',serif;\">L&rsquo;image de choc se convertit en acte de vie.<\/span><\/p>\n<p class=\"Standard\" style=\"margin-left: 14.2pt;\"><span style=\"font-family: 'Garamond',serif;\">L&rsquo;image nous cr\u00e9e un pass\u00e9 que nous ignorions.<\/span><\/p>\n<p class=\"Standard\" style=\"margin-left: 14.2pt;\"><span style=\"font-family: 'Garamond',serif;\">L&rsquo;image est le th\u00e9\u00e2tre de tous les langages.<\/span><\/p>\n<p class=\"Standard\" style=\"margin-left: 14.2pt;\"><span style=\"font-family: 'Garamond',serif;\">L&rsquo;image ne nous montre jamais ce qu&rsquo;il se passe r\u00e9ellement.<\/span><\/p>\n<p class=\"Standard\" style=\"margin-left: 14.2pt;\"><span style=\"font-family: 'Garamond',serif;\">Plusieurs mondes et plusieurs temps sont possibles dans la m\u00eame image.<\/span><\/p>\n<p class=\"Standard\" style=\"margin-left: 14.2pt;\"><span style=\"font-family: 'Garamond',serif;\">Le passage de l&rsquo;image \u00e0 la d\u00e9mat\u00e9rialisation renforce son \u00e9tat spectral.<\/span><\/p>\n<p class=\"Standard\" style=\"margin-left: 14.2pt;\"><span style=\"font-family: 'Garamond',serif;\">L&rsquo;image est un moyen de faire advenir son propre r\u00e9el.<\/span><\/p>\n<p class=\"Standard\" style=\"margin-left: 14.2pt;\"><span style=\"font-family: 'Garamond',serif;\">Malgr\u00e9 les apparences l&rsquo;image est toujours pleine d&rsquo;interdits.<\/span><\/p>\n<p class=\"Standard\" style=\"margin-left: 14.2pt;\"><span style=\"font-family: 'Garamond',serif;\">Il n&rsquo;y rien derri\u00e8re l&rsquo;image, pourtant tout s&rsquo;y tient.<\/span><\/p>\n<p class=\"Standard\" style=\"margin-left: 14.2pt;\"><span style=\"font-family: 'Garamond',serif;\">L&rsquo;image est un moyen de provocation indispensable \u00e0 la r\u00e9flexion.<\/span><\/p>\n<p class=\"Standard\" style=\"margin-left: 14.2pt;\"><span style=\"font-family: 'Garamond',serif;\">L&rsquo;image est une v\u00e9rit\u00e9, dont on pr\u00e9f\u00e8re oublier qu&rsquo;elle n&rsquo;est qu&rsquo;une illusion.<\/span><\/p>\n<p class=\"Standard\" style=\"margin-left: 14.2pt;\"><span style=\"font-family: 'Garamond',serif;\">On focalise plus sur l&rsquo;image.<\/span><\/p>\n<p class=\"Standard\" style=\"margin-left: 14.2pt;\"><span style=\"font-family: 'Garamond',serif;\">Le miroir c&rsquo;est la d\u00e9faite de l&rsquo;image.<\/span><\/p>\n<p class=\"Standard\" style=\"margin-left: 14.2pt;\"><span style=\"font-family: 'Garamond',serif;\">Les images ont des horizons qui permettent de voir plus loin.<\/span><\/p>\n<p class=\"Standard\" style=\"margin-left: 14.2pt;\"><span style=\"font-family: 'Garamond',serif;\">L&rsquo;image masque la mort.<\/span><\/p>\n<p class=\"Standard\" style=\"margin-left: 14.2pt;\"><span style=\"font-family: 'Garamond',serif;\">La mise en r\u00e9seau num\u00e9rique des images tente d&rsquo;accomplir leur r\u00eave de partage.<\/span><\/p>\n<p class=\"Standard\" style=\"margin-left: 14.2pt;\"><span style=\"font-family: 'Garamond',serif;\">Le premier effet de l&rsquo;image est toujours dans le corps.<\/span><\/p>\n<p class=\"Standard\" style=\"margin-left: 14.2pt;\"><span style=\"font-family: 'Garamond',serif;\">L&rsquo;image ne peut \u00eatre absolument comprise.<\/span><\/p>\n<p class=\"Standard\" style=\"margin-left: 14.2pt;\"><span style=\"font-family: 'Garamond',serif;\">Le reflet du go\u00fbt se tient dans l&rsquo;image.<\/span><\/p>\n<p class=\"Standard\" style=\"margin-left: 14.2pt;\"><span style=\"font-family: 'Garamond',serif;\">L&rsquo;image interroge les fronti\u00e8res entre continuit\u00e9 et discontinuit\u00e9.<\/span><\/p>\n<p class=\"Standard\" style=\"margin-left: 14.2pt;\">extraits de <a href=\"http:\/\/hommagearolandbarthes.blogspot.fr\/\"><em>O\u00f9 est l&rsquo;image vraie?<\/em><\/a>, Hommage \u00e0 Roland Barthes en cent aphorismes et cent cartes postales, 2015<strong><br \/>\n<\/strong><\/p>\n","protected":false},"excerpt":{"rendered":"<p>L&rsquo;incantation silencieuse de l&rsquo;image provient de sa fonction magique. A travers les images les plus ordinaires, chacun est po\u00e8te. L&rsquo;image fait du bruit. Pour l&rsquo;image, la vue c&rsquo;est comme la voix dans le texte. L&rsquo;image est romanesque. En regardant l&rsquo;image on se dit souvent que c&rsquo;\u00e9tait mieux avant. En donnant une vue \u00e0 la pens\u00e9e, &hellip; <a href=\"https:\/\/damienreynaud.fr\/?page_id=60\" class=\"more-link\">Continuer la lecture de <span class=\"screen-reader-text\">cent aphorismes sur l&rsquo;image<\/span><\/a><\/p>\n","protected":false},"author":1,"featured_media":0,"parent":14,"menu_order":0,"comment_status":"closed","ping_status":"closed","template":"","meta":{"footnotes":""},"_links":{"self":[{"href":"https:\/\/damienreynaud.fr\/index.php?rest_route=\/wp\/v2\/pages\/60"}],"collection":[{"href":"https:\/\/damienreynaud.fr\/index.php?rest_route=\/wp\/v2\/pages"}],"about":[{"href":"https:\/\/damienreynaud.fr\/index.php?rest_route=\/wp\/v2\/types\/page"}],"author":[{"embeddable":true,"href":"https:\/\/damienreynaud.fr\/index.php?rest_route=\/wp\/v2\/users\/1"}],"replies":[{"embeddable":true,"href":"https:\/\/damienreynaud.fr\/index.php?rest_route=%2Fwp%2Fv2%2Fcomments&post=60"}],"version-history":[{"count":6,"href":"https:\/\/damienreynaud.fr\/index.php?rest_route=\/wp\/v2\/pages\/60\/revisions"}],"predecessor-version":[{"id":153,"href":"https:\/\/damienreynaud.fr\/index.php?rest_route=\/wp\/v2\/pages\/60\/revisions\/153"}],"up":[{"embeddable":true,"href":"https:\/\/damienreynaud.fr\/index.php?rest_route=\/wp\/v2\/pages\/14"}],"wp:attachment":[{"href":"https:\/\/damienreynaud.fr\/index.php?rest_route=%2Fwp%2Fv2%2Fmedia&parent=60"}],"curies":[{"name":"wp","href":"https:\/\/api.w.org\/{rel}","templated":true}]}}