{"id":867,"date":"2019-11-26T18:41:37","date_gmt":"2019-11-26T17:41:37","guid":{"rendered":"http:\/\/damienreynaud.fr\/?page_id=867"},"modified":"2020-03-30T12:24:12","modified_gmt":"2020-03-30T10:24:12","slug":"hommage-a-roland-barthes","status":"publish","type":"page","link":"https:\/\/damienreynaud.fr\/?page_id=867","title":{"rendered":"m\u00e9moire d&rsquo;un non lieu \/ o\u00f9 est l&rsquo;image vraie ?"},"content":{"rendered":"\n<p>Les \u00e9l\u00e9ments de l&rsquo;intervention de Serge Mauger et Damien Reynaud, hommage \u00e0 Roland Barthes, sont archiv\u00e9s <a href=\"http:\/\/hommagearolandbarthes.blogspot.com\/\">ici<\/a>.<\/p>\n\n\n\n<figure class=\"wp-block-embed-youtube wp-block-embed is-type-video is-provider-youtube wp-embed-aspect-16-9 wp-has-aspect-ratio\"><div class=\"wp-block-embed__wrapper\">\n<iframe loading=\"lazy\" title=\"M\u00e9moire d&#039;un non lieu \/ O\u00f9 est l&#039;image vraie ?\" width=\"660\" height=\"371\" src=\"https:\/\/www.youtube.com\/embed\/9iJN5j0kwAM?feature=oembed\" frameborder=\"0\" allow=\"accelerometer; autoplay; encrypted-media; gyroscope; picture-in-picture\" allowfullscreen><\/iframe>\n<\/div><\/figure>\n","protected":false},"excerpt":{"rendered":"<p>Les \u00e9l\u00e9ments de l&rsquo;intervention de Serge Mauger et Damien Reynaud, hommage \u00e0 Roland Barthes, sont archiv\u00e9s ici.<\/p>\n","protected":false},"author":1,"featured_media":0,"parent":17,"menu_order":0,"comment_status":"closed","ping_status":"closed","template":"","meta":{"footnotes":""},"_links":{"self":[{"href":"https:\/\/damienreynaud.fr\/index.php?rest_route=\/wp\/v2\/pages\/867"}],"collection":[{"href":"https:\/\/damienreynaud.fr\/index.php?rest_route=\/wp\/v2\/pages"}],"about":[{"href":"https:\/\/damienreynaud.fr\/index.php?rest_route=\/wp\/v2\/types\/page"}],"author":[{"embeddable":true,"href":"https:\/\/damienreynaud.fr\/index.php?rest_route=\/wp\/v2\/users\/1"}],"replies":[{"embeddable":true,"href":"https:\/\/damienreynaud.fr\/index.php?rest_route=%2Fwp%2Fv2%2Fcomments&post=867"}],"version-history":[{"count":9,"href":"https:\/\/damienreynaud.fr\/index.php?rest_route=\/wp\/v2\/pages\/867\/revisions"}],"predecessor-version":[{"id":924,"href":"https:\/\/damienreynaud.fr\/index.php?rest_route=\/wp\/v2\/pages\/867\/revisions\/924"}],"up":[{"embeddable":true,"href":"https:\/\/damienreynaud.fr\/index.php?rest_route=\/wp\/v2\/pages\/17"}],"wp:attachment":[{"href":"https:\/\/damienreynaud.fr\/index.php?rest_route=%2Fwp%2Fv2%2Fmedia&parent=867"}],"curies":[{"name":"wp","href":"https:\/\/api.w.org\/{rel}","templated":true}]}}