{"id":912,"date":"2020-03-27T14:57:24","date_gmt":"2020-03-27T13:57:24","guid":{"rendered":"http:\/\/damienreynaud.fr\/?page_id=912"},"modified":"2020-03-27T14:57:24","modified_gmt":"2020-03-27T13:57:24","slug":"ligne-de-flottaison","status":"publish","type":"page","link":"https:\/\/damienreynaud.fr\/?page_id=912","title":{"rendered":"ligne de flottaison"},"content":{"rendered":"\n<p>22 octobre 2014 \u2013 <br> Fabrice,<\/p>\n\n\n\n<p>Merci de tes nouvelles, concernant l&rsquo;avancement ou le rapprochement des \u00eeles, et l&rsquo;invitation \u00e0 la base.<br> Malheureusement je ne serai pas l\u00e0 ce dimanche et ne pourrai donc me joindre \u00e0 vous.<br>  Je ne pourrai donc pas vous passer un coup de main pour la confection  de tabourets ni pour le r\u00e9tablissement du syst\u00e8me de suspension de la  table.<br> J&rsquo;ai pr\u00eat\u00e9 attention \u00e0 l&rsquo;absence du pied de table, et j&rsquo;en ai  d\u00e9duit une forme de question d&rsquo;actualit\u00e9 tant sur terre que sur mer :<br> \u00a0\u00bb De fait, avons-nous pied ?\u00a0\u00bb<br> En tout cas, ne pas en avoir \u00e9vite \u00e0 jamais de se poser la question de savoir si on aura encore pied demain.<br> J&rsquo;ai pens\u00e9 : \u00ab\u00a0Quelle chance elle a cette table !\u00a0\u00bb<br> Cette incertitude li\u00e9e aux socles mouvants me rappelle l&rsquo;incertitude du niveau de la ligne de flottaison.<br> \u00ab\u00a0Alors coupons nous les pieds ou retrouvons le trac\u00e9 de la ligne de flottaison.\u00a0\u00bb<br>  Si je peux participer modestement \u00e0 votre lunch de dimanche \u00e0 la base,  je souhaiterais attirer votre attention sur cette vigilance de premier  ordre, \u00e0 faire le point par des calculs de projection dans l&rsquo;avenir, pour  savoir o\u00f9 en est et o\u00f9 en sera le niveau de la ligne de flottaison.<br>  \u00c9tant donn\u00e9e la fragilit\u00e9 des \u00e9tats, il me para\u00eet indispensable d&rsquo;\u00e9viter  l&rsquo;immersion imminente, subite, fatale des bases terriennes ou  flottantes.<br> Par exemple, il me semble que le centre de gravit\u00e9 des  tabourets doit absolument passer par le trac\u00e9 de cette ligne de  flottaison si l&rsquo;on ne veut pas les perdre. Pourras-tu te charger  d&rsquo;alerter l&rsquo;assembl\u00e9e r\u00e9unie ce dimanche \u00e0 la base, et de poser  clairement cette question urgente de savoir o\u00f9 on en est avec le trac\u00e9  de la ligne de flottaison.<br> \u00ab\u00a0M&rsquo;enfin, quelqu&rsquo;un sait-il o\u00f9 est la ligne de flottaison ?\u00a0\u00bb<br> De mon cadre flottant, amiti\u00e9s et bises de survie.<\/p>\n\n\n\n<p><\/p>\n\n\n\n<p><a href=\"http:\/\/plotiles.laboratoiredeshypotheses.info\/?browse=.Contributions\">Contribution au  Laboratoire des hypoth\u00e8ses<\/a>, Branche autonome des \u00eeles, 2014<\/p>\n","protected":false},"excerpt":{"rendered":"<p>22 octobre 2014 \u2013 Fabrice, Merci de tes nouvelles, concernant l&rsquo;avancement ou le rapprochement des \u00eeles, et l&rsquo;invitation \u00e0 la base. Malheureusement je ne serai pas l\u00e0 ce dimanche et ne pourrai donc me joindre \u00e0 vous. Je ne pourrai donc pas vous passer un coup de main pour la confection de tabourets ni pour &hellip; <a href=\"https:\/\/damienreynaud.fr\/?page_id=912\" class=\"more-link\">Continuer la lecture de <span class=\"screen-reader-text\">ligne de flottaison<\/span><\/a><\/p>\n","protected":false},"author":1,"featured_media":0,"parent":17,"menu_order":0,"comment_status":"closed","ping_status":"closed","template":"","meta":{"footnotes":""},"_links":{"self":[{"href":"https:\/\/damienreynaud.fr\/index.php?rest_route=\/wp\/v2\/pages\/912"}],"collection":[{"href":"https:\/\/damienreynaud.fr\/index.php?rest_route=\/wp\/v2\/pages"}],"about":[{"href":"https:\/\/damienreynaud.fr\/index.php?rest_route=\/wp\/v2\/types\/page"}],"author":[{"embeddable":true,"href":"https:\/\/damienreynaud.fr\/index.php?rest_route=\/wp\/v2\/users\/1"}],"replies":[{"embeddable":true,"href":"https:\/\/damienreynaud.fr\/index.php?rest_route=%2Fwp%2Fv2%2Fcomments&post=912"}],"version-history":[{"count":1,"href":"https:\/\/damienreynaud.fr\/index.php?rest_route=\/wp\/v2\/pages\/912\/revisions"}],"predecessor-version":[{"id":913,"href":"https:\/\/damienreynaud.fr\/index.php?rest_route=\/wp\/v2\/pages\/912\/revisions\/913"}],"up":[{"embeddable":true,"href":"https:\/\/damienreynaud.fr\/index.php?rest_route=\/wp\/v2\/pages\/17"}],"wp:attachment":[{"href":"https:\/\/damienreynaud.fr\/index.php?rest_route=%2Fwp%2Fv2%2Fmedia&parent=912"}],"curies":[{"name":"wp","href":"https:\/\/api.w.org\/{rel}","templated":true}]}}